{"id":7382,"date":"2025-02-16T02:42:44","date_gmt":"2025-02-16T02:42:44","guid":{"rendered":"https:\/\/imad.cl\/?page_id=7382"},"modified":"2025-02-20T12:40:12","modified_gmt":"2025-02-20T12:40:12","slug":"kathia-alveal","status":"publish","type":"page","link":"https:\/\/imad.cl\/en\/kathia-alveal\/","title":{"rendered":"Kathia Alveal"},"content":{"rendered":"<div class=\"wpb-content-wrapper\"><div class=\"vc_row wpb_row vc_row-fluid\"><div class=\"wpb_column vc_column_container vc_col-sm-12\"><div class=\"vc_column-inner\"><div class=\"wpb_wrapper\"><div class=\"vc_custom_heading text_align_left title_no_stripe\" ><h2 style=\"color: #0e689b;text-align: left\" class=\"consulting-custom-title\">Kathia Alveal<\/h2><\/div><div class=\"vc_custom_heading vc_custom_1739674003199 text_align_left title_no_stripe\" ><h3 style=\"text-align: left\" class=\"consulting-custom-title\">Associate<\/h3><\/div><div class=\"vc_row wpb_row vc_inner vc_row-fluid\"><div class=\"wpb_column vc_column_container vc_col-sm-4\"><div class=\"vc_column-inner\"><div class=\"wpb_wrapper\">\n\t<div  class=\"wpb_single_image wpb_content_element vc_align_left\">\n\t\t\n\t\t<figure class=\"wpb_wrapper vc_figure\">\n\t\t\t<div class=\"vc_single_image-wrapper   vc_box_border_grey\"><img loading=\"lazy\" decoding=\"async\" width=\"1280\" height=\"1280\" src=\"https:\/\/imad.cl\/wp-content\/uploads\/2025\/02\/Kathia-Alveal.jpeg\" class=\"vc_single_image-img attachment-full\" alt=\"\" title=\"Kathia Alveal\" srcset=\"https:\/\/imad.cl\/wp-content\/uploads\/2025\/02\/Kathia-Alveal.jpeg 1280w, https:\/\/imad.cl\/wp-content\/uploads\/2025\/02\/Kathia-Alveal-300x300.jpeg 300w, https:\/\/imad.cl\/wp-content\/uploads\/2025\/02\/Kathia-Alveal-1024x1024.jpeg 1024w, https:\/\/imad.cl\/wp-content\/uploads\/2025\/02\/Kathia-Alveal-150x150.jpeg 150w, https:\/\/imad.cl\/wp-content\/uploads\/2025\/02\/Kathia-Alveal-768x768.jpeg 768w, https:\/\/imad.cl\/wp-content\/uploads\/2025\/02\/Kathia-Alveal-12x12.jpeg 12w, https:\/\/imad.cl\/wp-content\/uploads\/2025\/02\/Kathia-Alveal-50x50.jpeg 50w, https:\/\/imad.cl\/wp-content\/uploads\/2025\/02\/Kathia-Alveal-320x320.jpeg 320w, https:\/\/imad.cl\/wp-content\/uploads\/2025\/02\/Kathia-Alveal-900x900.jpeg 900w\" sizes=\"auto, (max-width: 1280px) 100vw, 1280px\" \/><\/div>\n\t\t<\/figure>\n\t<\/div>\n<\/div><\/div><\/div><div class=\"wpb_column vc_column_container vc_col-sm-4\"><div class=\"vc_column-inner\"><div class=\"wpb_wrapper\"><div class=\"stm-spacing\" id=\"stm-spacing-69d379c282b5b\"><\/div>\n<script>\n    (function($){\n        \"use strict\";\n        var spacingID = 'stm-spacing-69d379c282b5b',\n            lgSpacing = '0',\n            mdSpacing = '0',\n            smSpacing = '0',\n            xsSpacing = '30';\n\n        function stmSpacing() {\n            if ( window.matchMedia(\"(min-width: 1200px)\").matches && lgSpacing ) {\n                $( '#' + spacingID ).css ( \"height\", lgSpacing );\n            } else if ( window.matchMedia(\"(max-width: 1199px) and (min-width: 992px )\").matches && mdSpacing ) {\n                $( '#' + spacingID ).css ( \"height\", mdSpacing );\n            } else if ( window.matchMedia(\"(max-width: 991px) and (min-width: 768px )\").matches && smSpacing ) {\n                $( '#' + spacingID ).css ( \"height\", smSpacing );\n            } else if ( window.matchMedia(\"(max-width: 767px)\").matches && xsSpacing ) {\n                $( '#' + spacingID ).css ( \"height\", xsSpacing );\n            } else {\n                $( '#' + spacingID ).css ( \"height\", \"\" );\n            }\n        }\n\n        $(document).ready(function() {\n            stmSpacing();\n        });\n\n        $(window).resize(function() {\n            stmSpacing();\n        });\n\n    })(jQuery);\n<\/script><div class=\"vc_custom_heading no_stripe remove_padding vc_custom_1711750569859 text_align_left\" ><h6 style=\"color: #222222;text-align: left\" class=\"consulting-custom-title\">Our Practice<\/h6><\/div>\n\t<div class=\"wpb_text_column wpb_content_element\" >\n\t\t<div class=\"wpb_wrapper\">\n\t\t\t<ul class=\"small_margin\" style=\"font-size: 13px; line-height: 18px;\">\n<li>Civil and Commercial Litigation<\/li>\n<li>National Arbitration.<\/li>\n<li>International Arbitration.<\/li>\n<li>Administrative Litigation<\/li>\n<li>Out-of-court Negotiations<\/li>\n<\/ul>\n\n\t\t<\/div>\n\t<\/div>\n<\/div><\/div><\/div><div class=\"wpb_column vc_column_container vc_col-sm-4\"><div class=\"vc_column-inner\"><div class=\"wpb_wrapper\"><div class=\"stm-spacing\" id=\"stm-spacing-69d379c283033\"><\/div>\n<script>\n    (function($){\n        \"use strict\";\n        var spacingID = 'stm-spacing-69d379c283033',\n            lgSpacing = '0',\n            mdSpacing = '0',\n            smSpacing = '30',\n            xsSpacing = '30';\n\n        function stmSpacing() {\n            if ( window.matchMedia(\"(min-width: 1200px)\").matches && lgSpacing ) {\n                $( '#' + spacingID ).css ( \"height\", lgSpacing );\n            } else if ( window.matchMedia(\"(max-width: 1199px) and (min-width: 992px )\").matches && mdSpacing ) {\n                $( '#' + spacingID ).css ( \"height\", mdSpacing );\n            } else if ( window.matchMedia(\"(max-width: 991px) and (min-width: 768px )\").matches && smSpacing ) {\n                $( '#' + spacingID ).css ( \"height\", smSpacing );\n            } else if ( window.matchMedia(\"(max-width: 767px)\").matches && xsSpacing ) {\n                $( '#' + spacingID ).css ( \"height\", xsSpacing );\n            } else {\n                $( '#' + spacingID ).css ( \"height\", \"\" );\n            }\n        }\n\n        $(document).ready(function() {\n            stmSpacing();\n        });\n\n        $(window).resize(function() {\n            stmSpacing();\n        });\n\n    })(jQuery);\n<\/script><div class=\"vc_custom_heading no_stripe remove_padding vc_custom_1711750661825 text_align_left\" ><h6 style=\"color: #222222;text-align: left\" class=\"consulting-custom-title\">Education<\/h6><\/div>\n\t<div class=\"wpb_text_column wpb_content_element\" >\n\t\t<div class=\"wpb_wrapper\">\n\t\t\t<ul>\n<li>Law, Universidad de Santiago de Chile (graduated with highest distinction)<\/li>\n<\/ul>\n\n\t\t<\/div>\n\t<\/div>\n<div class=\"vc_custom_heading no_stripe remove_padding vc_custom_1711925891233 text_align_left\" ><h6 style=\"color: #222222;text-align: left\" class=\"consulting-custom-title\">Languages<\/h6><\/div>\n\t<div class=\"wpb_text_column wpb_content_element\" >\n\t\t<div class=\"wpb_wrapper\">\n\t\t\t<ul class=\"small_margin\" style=\"font-size: 13px; line-height: 18px;\">\n<li>Spanish<\/li>\n<li>English<\/li>\n<\/ul>\n\n\t\t<\/div>\n\t<\/div>\n<\/div><\/div><\/div><\/div><\/div><\/div><\/div><\/div><div class=\"vc_row wpb_row vc_row-fluid\"><div class=\"wpb_column vc_column_container vc_col-sm-8\"><div class=\"vc_column-inner\"><div class=\"wpb_wrapper\"><div class=\"stm-spacing\" id=\"stm-spacing-69d379c283998\"><\/div>\n<script>\n    (function($){\n        \"use strict\";\n        var spacingID = 'stm-spacing-69d379c283998',\n            lgSpacing = '40',\n            mdSpacing = '30',\n            smSpacing = '10',\n            xsSpacing = '10';\n\n        function stmSpacing() {\n            if ( window.matchMedia(\"(min-width: 1200px)\").matches && lgSpacing ) {\n                $( '#' + spacingID ).css ( \"height\", lgSpacing );\n            } else if ( window.matchMedia(\"(max-width: 1199px) and (min-width: 992px )\").matches && mdSpacing ) {\n                $( '#' + spacingID ).css ( \"height\", mdSpacing );\n            } else if ( window.matchMedia(\"(max-width: 991px) and (min-width: 768px )\").matches && smSpacing ) {\n                $( '#' + spacingID ).css ( \"height\", smSpacing );\n            } else if ( window.matchMedia(\"(max-width: 767px)\").matches && xsSpacing ) {\n                $( '#' + spacingID ).css ( \"height\", xsSpacing );\n            } else {\n                $( '#' + spacingID ).css ( \"height\", \"\" );\n            }\n        }\n\n        $(document).ready(function() {\n            stmSpacing();\n        });\n\n        $(window).resize(function() {\n            stmSpacing();\n        });\n\n    })(jQuery);\n<\/script>\n\t<div class=\"wpb_text_column wpb_content_element\" >\n\t\t<div class=\"wpb_wrapper\">\n\t\t\t<p>Kathia Alveal is an associate at IMAD Abogados. Her practice focuses on litigation and arbitration, both domestic and international, in various areas, including contractual and non-contractual civil liability, foreign investment, consumer law, unfair competition, as well as the mining, energy, desalination, and manufacturing industries, among others.<\/p>\n\n\t\t<\/div>\n\t<\/div>\n<\/div><\/div><\/div><div class=\"wpb_column vc_column_container vc_col-sm-4\"><div class=\"vc_column-inner\"><div class=\"wpb_wrapper\">\n<div class=\"stm_contacts_widget vc_custom_1739673727243  style_1\">\n    \n            <h4 class=\"no_stripe\">Contact:<\/h4>\n    \n    \n        <ul>\n                            <li>\n                    <div class=\"icon\"><i class=\"fa fa-map-marker\"><\/i><\/div>\n                    <div class=\"text\">Av. Las Condes 11.700, Torre A, Oficina 901. Vitacura, Santiago, Chile<\/div>\n                <\/li>\n                                                                <li>\n                    <div class=\"icon\"><i class=\"fa fa-envelope\"><\/i><\/div>\n                    <div class=\"text\"><a href=\"mailto:&#107;a&#108;v&#101;a&#108;&#64;&#105;mad.&#99;&#108;\">ka&#108;v&#101;al&#64;im&#97;d&#46;&#99;l<\/a><\/div>\n                <\/li>\n                                <\/ul>\n                    <ul class=\"socials\">\n                                                                    <li><a href=\"https:\/\/www.linkedin.com\/in\/kathiaalveal\/\" target=\"_blank\" class=\"social-linkedin\"><i class=\"fa fa-linkedin\"><\/i><\/a><\/li>\n                                                            <\/ul>\n        \n    \n<\/div><\/div><\/div><\/div><\/div><div class=\"vc_row wpb_row vc_row-fluid vc_custom_1711919224123\"><div class=\"wpb_column vc_column_container vc_col-sm-12\"><div class=\"vc_column-inner\"><div class=\"wpb_wrapper\"><div class=\"vc_tta-container\" data-vc-action=\"collapse\"><div class=\"vc_general vc_tta vc_tta-tabs vc_tta-color-grey vc_tta-style-classic vc_tta-shape-square vc_tta-o-shape-group  theme_style vc_tta-tabs-position-top vc_tta-controls-align-left\"><div class=\"vc_tta-tabs-container\"><ul class=\"vc_tta-tabs-list\"><li class=\"vc_tta-tab vc_active\" data-vc-tab><a href=\"#1453266957006-3f3e3dff-6ef8\" data-vc-tabs data-vc-container=\".vc_tta\"><span class=\"vc_tta-title-text\">Representative Experience<\/span><\/a><\/li><li class=\"vc_tta-tab\" data-vc-tab><a href=\"#1453268943534-fe1934ed-d1be\" data-vc-tabs data-vc-container=\".vc_tta\"><span class=\"vc_tta-title-text\">Activities and Memberships<\/span><\/a><\/li><li class=\"vc_tta-tab\" data-vc-tab><a href=\"#1711919094954-e20dada8-6d89\" data-vc-tabs data-vc-container=\".vc_tta\"><span class=\"vc_tta-title-text\">Publications<\/span><\/a><\/li><\/ul><\/div><div class=\"vc_tta-panels-container\"><div class=\"vc_tta-panels\"><div class=\"vc_tta-panel vc_active\" id=\"1453266957006-3f3e3dff-6ef8\" data-vc-content=\".vc_tta-panel-body\"><div class=\"vc_tta-panel-heading\"><h4 class=\"vc_tta-panel-title\"><a href=\"#1453266957006-3f3e3dff-6ef8\" data-vc-accordion data-vc-container=\".vc_tta-container\"><span class=\"vc_tta-title-text\">Representative Experience<\/span><\/a><\/h4><\/div><div class=\"vc_tta-panel-body\">\n\t<div class=\"wpb_text_column wpb_content_element\" >\n\t\t<div class=\"wpb_wrapper\">\n\t\t\t<ul>\n<li>A Chilean contractor in a national CAM arbitration regarding alleged breaches in the construction of a desalination plant in northern Chile.<\/li>\n<li>Grupo CAP and its subsidiaries in various pre-litigation, judicial, and arbitration matters related to the steel, desalination, and real estate industries, among others.<\/li>\n<li>An Irish-owned energy generation company in an arbitration concerning the validity and execution of a Power Purchase Agreement (PPA), with a value exceeding USD 20 million.<\/li>\n<li>To various co-owners, in succession partition arbitrations conducted under statutory law or ad hoc rules.<\/li>\n<li>To various creditors, in executory proceedings for obligations to deliver before ordinary courts of justice.<\/li>\n<\/ul>\n\n\t\t<\/div>\n\t<\/div>\n<\/div><\/div><div class=\"vc_tta-panel\" id=\"1453268943534-fe1934ed-d1be\" data-vc-content=\".vc_tta-panel-body\"><div class=\"vc_tta-panel-heading\"><h4 class=\"vc_tta-panel-title\"><a href=\"#1453268943534-fe1934ed-d1be\" data-vc-accordion data-vc-container=\".vc_tta-container\"><span class=\"vc_tta-title-text\">Activities and Memberships<\/span><\/a><\/h4><\/div><div class=\"vc_tta-panel-body\">\n\t<div class=\"wpb_text_column wpb_content_element\" >\n\t\t<div class=\"wpb_wrapper\">\n\t\t\t<ul>\n<li><span style=\"font-family: arial, sans-serif;\">Member of Women in Dispute Resolution (WDR Chile)<\/span><\/li>\n<li><span style=\"font-family: arial, sans-serif;\">Volunteer lawyer at Fundaci\u00f3n S.O.S. Legal\u00a0<\/span><\/li>\n<li><span style=\"font-family: arial, sans-serif;\">Teaching Assistant in Procedural Law, Universidad de Santiago de Chile (since 2025)<\/span><\/li>\n<li><span style=\"font-family: arial, sans-serif;\">Teaching Assistant in Civil Law, Universidad de Santiago de Chile (since 2023)<\/span><\/li>\n<li><span style=\"font-family: arial, sans-serif;\">Teaching Assistant in Procedural Law, Universidad de Santiago de Chile (2022-2024)<\/span><\/li>\n<li><span style=\"font-family: arial, sans-serif;\">Intern at Irarr\u00e1zaval, Mardones, Matute &amp; Donoso (2022)<\/span><\/li>\n<li><span style=\"font-family: arial, sans-serif;\">Teaching Assistant in Legal History, Universidad de Santiago de Chile (2019-2023)<\/span><\/li>\n<\/ul>\n\n\t\t<\/div>\n\t<\/div>\n<\/div><\/div><div class=\"vc_tta-panel\" id=\"1711919094954-e20dada8-6d89\" data-vc-content=\".vc_tta-panel-body\"><div class=\"vc_tta-panel-heading\"><h4 class=\"vc_tta-panel-title\"><a href=\"#1711919094954-e20dada8-6d89\" data-vc-accordion data-vc-container=\".vc_tta-container\"><span class=\"vc_tta-title-text\">Publications<\/span><\/a><\/h4><\/div><div class=\"vc_tta-panel-body\">\n\t<div class=\"wpb_text_column wpb_content_element\" >\n\t\t<div class=\"wpb_wrapper\">\n\t\t\t<ul>\n<li>\u00a0Co-author of the presentation: \u201cDisgraceful Penalties: Origin, Development, and Their Evolution in Light of the Principles of the Enlightenment,\u201d Pontifical Catholic University of Valpara\u00edso, 2021.<\/li>\n<\/ul>\n\n\t\t<\/div>\n\t<\/div>\n<\/div><\/div><\/div><\/div><\/div><\/div><\/div><\/div><\/div><\/div>\n<\/div>","protected":false},"excerpt":{"rendered":"Kathia AlvealAsociada Areas de Pr\u00e1ctica Litigaci\u00f3n Civil y Comercial Arbitraje Nacional Arbitraje Internacional Litigaci\u00f3n Administrativa Negociaciones extrajudiciales Educaci\u00f3n Derecho, Universidad de Santiago de Chile (graduada con distinci\u00f3n m\u00e1xima) Idiomas Espa\u00f1ol Ingl\u00e9s Kathia Alveal es asociada de IMAD Abogados. Su pr\u00e1ctica se centra en litigios y arbitrajes, dom\u00e9sticos e internacionales, en diversas materias, incluyendo responsabilidad civil","protected":false},"author":1,"featured_media":0,"parent":0,"menu_order":0,"comment_status":"closed","ping_status":"closed","template":"","meta":{"footnotes":""},"class_list":["post-7382","page","type-page","status-publish","hentry"],"_links":{"self":[{"href":"https:\/\/imad.cl\/en\/wp-json\/wp\/v2\/pages\/7382","targetHints":{"allow":["GET"]}}],"collection":[{"href":"https:\/\/imad.cl\/en\/wp-json\/wp\/v2\/pages"}],"about":[{"href":"https:\/\/imad.cl\/en\/wp-json\/wp\/v2\/types\/page"}],"author":[{"embeddable":true,"href":"https:\/\/imad.cl\/en\/wp-json\/wp\/v2\/users\/1"}],"replies":[{"embeddable":true,"href":"https:\/\/imad.cl\/en\/wp-json\/wp\/v2\/comments?post=7382"}],"version-history":[{"count":8,"href":"https:\/\/imad.cl\/en\/wp-json\/wp\/v2\/pages\/7382\/revisions"}],"predecessor-version":[{"id":7413,"href":"https:\/\/imad.cl\/en\/wp-json\/wp\/v2\/pages\/7382\/revisions\/7413"}],"wp:attachment":[{"href":"https:\/\/imad.cl\/en\/wp-json\/wp\/v2\/media?parent=7382"}],"curies":[{"name":"wp","href":"https:\/\/api.w.org\/{rel}","templated":true}]}}