{"id":7181,"date":"2024-03-31T21:28:59","date_gmt":"2024-03-31T21:28:59","guid":{"rendered":"https:\/\/imad.cl\/?page_id=7181"},"modified":"2024-04-01T00:00:17","modified_gmt":"2024-04-01T00:00:17","slug":"derecho-de-los-negocios","status":"publish","type":"page","link":"https:\/\/imad.cl\/en\/derecho-de-los-negocios\/","title":{"rendered":"Business Law"},"content":{"rendered":"<div class=\"wpb-content-wrapper\"><div data-vc-full-width=\"true\" data-vc-full-width-init=\"false\" class=\"vc_row wpb_row vc_row-fluid vc_custom_1711921012836 vc_row-has-fill\"><div class=\"wpb_column vc_column_container vc_col-sm-12\"><div class=\"vc_column-inner\"><div class=\"wpb_wrapper\"><div class=\"stm-spacing\" id=\"stm-spacing-69f3cbca955fd\"><\/div>\n<script>\n    (function($){\n        \"use strict\";\n        var spacingID = 'stm-spacing-69f3cbca955fd',\n            lgSpacing = '120',\n            mdSpacing = '70',\n            smSpacing = '50',\n            xsSpacing = '30';\n\n        function stmSpacing() {\n            if ( window.matchMedia(\"(min-width: 1200px)\").matches && lgSpacing ) {\n                $( '#' + spacingID ).css ( \"height\", lgSpacing );\n            } else if ( window.matchMedia(\"(max-width: 1199px) and (min-width: 992px )\").matches && mdSpacing ) {\n                $( '#' + spacingID ).css ( \"height\", mdSpacing );\n            } else if ( window.matchMedia(\"(max-width: 991px) and (min-width: 768px )\").matches && smSpacing ) {\n                $( '#' + spacingID ).css ( \"height\", smSpacing );\n            } else if ( window.matchMedia(\"(max-width: 767px)\").matches && xsSpacing ) {\n                $( '#' + spacingID ).css ( \"height\", xsSpacing );\n            } else {\n                $( '#' + spacingID ).css ( \"height\", \"\" );\n            }\n        }\n\n        $(document).ready(function() {\n            stmSpacing();\n        });\n\n        $(window).resize(function() {\n            stmSpacing();\n        });\n\n    })(jQuery);\n<\/script><div class=\"vc_custom_heading text_align_left stripe_top_bottom\" ><h2 style=\"color: #ffffff;text-align: left\" class=\"consulting-custom-title\">Business Law<\/h2><\/div><div class=\"stm-spacing\" id=\"stm-spacing-69f3cbca9594c\"><\/div>\n<script>\n    (function($){\n        \"use strict\";\n        var spacingID = 'stm-spacing-69f3cbca9594c',\n            lgSpacing = '120',\n            mdSpacing = '70',\n            smSpacing = '50',\n            xsSpacing = '30';\n\n        function stmSpacing() {\n            if ( window.matchMedia(\"(min-width: 1200px)\").matches && lgSpacing ) {\n                $( '#' + spacingID ).css ( \"height\", lgSpacing );\n            } else if ( window.matchMedia(\"(max-width: 1199px) and (min-width: 992px )\").matches && mdSpacing ) {\n                $( '#' + spacingID ).css ( \"height\", mdSpacing );\n            } else if ( window.matchMedia(\"(max-width: 991px) and (min-width: 768px )\").matches && smSpacing ) {\n                $( '#' + spacingID ).css ( \"height\", smSpacing );\n            } else if ( window.matchMedia(\"(max-width: 767px)\").matches && xsSpacing ) {\n                $( '#' + spacingID ).css ( \"height\", xsSpacing );\n            } else {\n                $( '#' + spacingID ).css ( \"height\", \"\" );\n            }\n        }\n\n        $(document).ready(function() {\n            stmSpacing();\n        });\n\n        $(window).resize(function() {\n            stmSpacing();\n        });\n\n    })(jQuery);\n<\/script><\/div><\/div><\/div><\/div><div class=\"vc_row-full-width vc_clearfix\"><\/div><div class=\"vc_row wpb_row vc_row-fluid\"><div class=\"wpb_column vc_column_container vc_col-sm-6\"><div class=\"vc_column-inner\"><div class=\"wpb_wrapper\">\n\t<div class=\"wpb_text_column wpb_content_element\" >\n\t\t<div class=\"wpb_wrapper\">\n\t\t\t<p class=\"font_8\">Our Business Law practice provides general and specialized corporate advice to our clients. This entails performing full-service work in contractual matters, transformation processes, entity formation (of all type of entities), shareholders disputes, , and the preparation, review and analysis of documents related to every legal aspect, among many other operations.<\/p>\n\n\t\t<\/div>\n\t<\/div>\n<\/div><\/div><\/div><div class=\"wpb_column vc_column_container vc_col-sm-6\"><div class=\"vc_column-inner\"><div class=\"wpb_wrapper\">\n\t<div class=\"wpb_text_column wpb_content_element\" >\n\t\t<div class=\"wpb_wrapper\">\n\t\t\t<p>Particularly, as part of our tasks in this field, we advise our clients in their day-to-day operations; in venture capital transactions, including financing rounds; in mergers, split-offs, transformations and other corporate restructuring operations; in tender processes for companies or assets; and in negotiations between partners, among other issues. Additionally, we also assist our clients in processes for the acquisition of companies or assets, preparing the strategies to finalize these transactions, and negotiating and drafting the preliminary agreements of such operations, the final purchase agreements and all other ancillary instruments, along with acting as counsel in the process to obtain the approvals from the relevant regulatory entities.<\/p>\n\n\t\t<\/div>\n\t<\/div>\n<\/div><\/div><\/div><\/div><div class=\"vc_row wpb_row vc_row-fluid vc_custom_1711893137293\"><div class=\"wpb_column vc_column_container vc_col-sm-12\"><div class=\"vc_column-inner\"><div class=\"wpb_wrapper\"><div class=\"vc_custom_heading text_align_left title_no_stripe\" ><h2 style=\"color: #5d6178;text-align: left\" class=\"consulting-custom-title\">Partner in Charge<\/h2><\/div><div class=\"stm-spacing\" id=\"stm-spacing-69f3cbca962f4\"><\/div>\n<script>\n    (function($){\n        \"use strict\";\n        var spacingID = 'stm-spacing-69f3cbca962f4',\n            lgSpacing = '30',\n            mdSpacing = '20',\n            smSpacing = '10',\n            xsSpacing = '10';\n\n        function stmSpacing() {\n            if ( window.matchMedia(\"(min-width: 1200px)\").matches && lgSpacing ) {\n                $( '#' + spacingID ).css ( \"height\", lgSpacing );\n            } else if ( window.matchMedia(\"(max-width: 1199px) and (min-width: 992px )\").matches && mdSpacing ) {\n                $( '#' + spacingID ).css ( \"height\", mdSpacing );\n            } else if ( window.matchMedia(\"(max-width: 991px) and (min-width: 768px )\").matches && smSpacing ) {\n                $( '#' + spacingID ).css ( \"height\", smSpacing );\n            } else if ( window.matchMedia(\"(max-width: 767px)\").matches && xsSpacing ) {\n                $( '#' + spacingID ).css ( \"height\", xsSpacing );\n            } else {\n                $( '#' + spacingID ).css ( \"height\", \"\" );\n            }\n        }\n\n        $(document).ready(function() {\n            stmSpacing();\n        });\n\n        $(window).resize(function() {\n            stmSpacing();\n        });\n\n    })(jQuery);\n<\/script><div class=\"vc_row wpb_row vc_inner vc_row-fluid\"><div class=\"wpb_column vc_column_container vc_col-sm-4\"><div class=\"vc_column-inner\"><div class=\"wpb_wrapper\">\n\t<div  class=\"wpb_single_image wpb_content_element vc_align_left\">\n\t\t\n\t\t<figure class=\"wpb_wrapper vc_figure\">\n\t\t\t<div class=\"vc_single_image-wrapper   vc_box_border_grey\"><img loading=\"lazy\" decoding=\"async\" width=\"150\" height=\"150\" src=\"https:\/\/imad.cl\/wp-content\/uploads\/2024\/03\/donoso_circulo.png\" class=\"vc_single_image-img attachment-medium\" alt=\"\" title=\"donoso_circulo\" srcset=\"https:\/\/imad.cl\/wp-content\/uploads\/2024\/03\/donoso_circulo.png 150w, https:\/\/imad.cl\/wp-content\/uploads\/2024\/03\/donoso_circulo-50x50.png 50w\" sizes=\"auto, (max-width: 150px) 100vw, 150px\" \/><\/div>\n\t\t<\/figure>\n\t<\/div>\n<div class=\"infobox  vc_custom_1711929327468 style_7\">\n\t\t\t<h4 class=\"infobox_title\">Gustavo Donoso<\/h4>\n\t\t\t\t\t\t\t<a href=\"https:\/\/imad.cl\/en\/03-gustavo-donoso\/\" class=\"infobox_link\">\n\t\t\t<i class=\"stm-lnr-arrow-right third_bg_color\"><\/i>\n\t\t\tView Profile\t\t<\/a>\n\t<\/div>\n<\/div><\/div><\/div><\/div><\/div><\/div><\/div><\/div>\n<\/div>","protected":false},"excerpt":{"rendered":"Derecho de los Negocios Nuestra \u00e1rea de Derecho de los Negocios brinda asesor\u00eda corporativa general y especializada a nuestros clientes, lo que involucra un trabajo integral en temas contractuales, reestructuraciones y modificaciones estructurales de sociedades, conflictos entre socios, formaci\u00f3n de nuevas sociedades, as\u00ed como la elaboraci\u00f3n y revisi\u00f3n de documentos relacionados con todos los aspectos","protected":false},"author":1,"featured_media":0,"parent":0,"menu_order":0,"comment_status":"closed","ping_status":"closed","template":"","meta":{"footnotes":""},"class_list":["post-7181","page","type-page","status-publish","hentry"],"_links":{"self":[{"href":"https:\/\/imad.cl\/en\/wp-json\/wp\/v2\/pages\/7181","targetHints":{"allow":["GET"]}}],"collection":[{"href":"https:\/\/imad.cl\/en\/wp-json\/wp\/v2\/pages"}],"about":[{"href":"https:\/\/imad.cl\/en\/wp-json\/wp\/v2\/types\/page"}],"author":[{"embeddable":true,"href":"https:\/\/imad.cl\/en\/wp-json\/wp\/v2\/users\/1"}],"replies":[{"embeddable":true,"href":"https:\/\/imad.cl\/en\/wp-json\/wp\/v2\/comments?post=7181"}],"version-history":[{"count":4,"href":"https:\/\/imad.cl\/en\/wp-json\/wp\/v2\/pages\/7181\/revisions"}],"predecessor-version":[{"id":7227,"href":"https:\/\/imad.cl\/en\/wp-json\/wp\/v2\/pages\/7181\/revisions\/7227"}],"wp:attachment":[{"href":"https:\/\/imad.cl\/en\/wp-json\/wp\/v2\/media?parent=7181"}],"curies":[{"name":"wp","href":"https:\/\/api.w.org\/{rel}","templated":true}]}}