{"id":7147,"date":"2024-03-31T20:35:54","date_gmt":"2024-03-31T20:35:54","guid":{"rendered":"https:\/\/imad.cl\/?page_id=7147"},"modified":"2024-04-01T00:02:51","modified_gmt":"2024-04-01T00:02:51","slug":"derecho-publico-administrativo-2","status":"publish","type":"page","link":"https:\/\/imad.cl\/en\/derecho-publico-administrativo-2\/","title":{"rendered":"Administrative Law"},"content":{"rendered":"<div class=\"wpb-content-wrapper\"><div data-vc-full-width=\"true\" data-vc-full-width-init=\"false\" class=\"vc_row wpb_row vc_row-fluid vc_custom_1711920964478 vc_row-has-fill\"><div class=\"wpb_column vc_column_container vc_col-sm-12\"><div class=\"vc_column-inner\"><div class=\"wpb_wrapper\"><div class=\"stm-spacing\" id=\"stm-spacing-69f47fe527310\"><\/div>\n<script>\n    (function($){\n        \"use strict\";\n        var spacingID = 'stm-spacing-69f47fe527310',\n            lgSpacing = '120',\n            mdSpacing = '70',\n            smSpacing = '50',\n            xsSpacing = '30';\n\n        function stmSpacing() {\n            if ( window.matchMedia(\"(min-width: 1200px)\").matches && lgSpacing ) {\n                $( '#' + spacingID ).css ( \"height\", lgSpacing );\n            } else if ( window.matchMedia(\"(max-width: 1199px) and (min-width: 992px )\").matches && mdSpacing ) {\n                $( '#' + spacingID ).css ( \"height\", mdSpacing );\n            } else if ( window.matchMedia(\"(max-width: 991px) and (min-width: 768px )\").matches && smSpacing ) {\n                $( '#' + spacingID ).css ( \"height\", smSpacing );\n            } else if ( window.matchMedia(\"(max-width: 767px)\").matches && xsSpacing ) {\n                $( '#' + spacingID ).css ( \"height\", xsSpacing );\n            } else {\n                $( '#' + spacingID ).css ( \"height\", \"\" );\n            }\n        }\n\n        $(document).ready(function() {\n            stmSpacing();\n        });\n\n        $(window).resize(function() {\n            stmSpacing();\n        });\n\n    })(jQuery);\n<\/script><div class=\"vc_custom_heading text_align_left stripe_top_bottom\" ><h2 style=\"color: #ffffff;text-align: left\" class=\"consulting-custom-title\">Administrative Law<\/h2><\/div><div class=\"stm-spacing\" id=\"stm-spacing-69f47fe527b44\"><\/div>\n<script>\n    (function($){\n        \"use strict\";\n        var spacingID = 'stm-spacing-69f47fe527b44',\n            lgSpacing = '120',\n            mdSpacing = '70',\n            smSpacing = '50',\n            xsSpacing = '30';\n\n        function stmSpacing() {\n            if ( window.matchMedia(\"(min-width: 1200px)\").matches && lgSpacing ) {\n                $( '#' + spacingID ).css ( \"height\", lgSpacing );\n            } else if ( window.matchMedia(\"(max-width: 1199px) and (min-width: 992px )\").matches && mdSpacing ) {\n                $( '#' + spacingID ).css ( \"height\", mdSpacing );\n            } else if ( window.matchMedia(\"(max-width: 991px) and (min-width: 768px )\").matches && smSpacing ) {\n                $( '#' + spacingID ).css ( \"height\", smSpacing );\n            } else if ( window.matchMedia(\"(max-width: 767px)\").matches && xsSpacing ) {\n                $( '#' + spacingID ).css ( \"height\", xsSpacing );\n            } else {\n                $( '#' + spacingID ).css ( \"height\", \"\" );\n            }\n        }\n\n        $(document).ready(function() {\n            stmSpacing();\n        });\n\n        $(window).resize(function() {\n            stmSpacing();\n        });\n\n    })(jQuery);\n<\/script><\/div><\/div><\/div><\/div><div class=\"vc_row-full-width vc_clearfix\"><\/div><div class=\"vc_row wpb_row vc_row-fluid\"><div class=\"wpb_column vc_column_container vc_col-sm-6\"><div class=\"vc_column-inner\"><div class=\"wpb_wrapper\">\n\t<div class=\"wpb_text_column wpb_content_element\" >\n\t\t<div class=\"wpb_wrapper\">\n\t\t\t<p>We have extensive experience both as former public sector officials and advising and representing companies and entities in their relations with the Administration.<\/p>\n<p>In these positions, we have handled administrative procedures of various natures (general, punitive, authorizations, administrative concessions, etc.), been requested to issue legal reports, and participated in various types of public contracts (supply and service contracts, public works contracts and concessions, oil contracts, among others),<\/p>\n\n\t\t<\/div>\n\t<\/div>\n<\/div><\/div><\/div><div class=\"wpb_column vc_column_container vc_col-sm-6\"><div class=\"vc_column-inner\"><div class=\"wpb_wrapper\">\n\t<div class=\"wpb_text_column wpb_content_element\" >\n\t\t<div class=\"wpb_wrapper\">\n\t\t\t<p>both in their negotiation and bidding processes, as well as in challenges before various administrative (General Comptroller's Office) or jurisdictional bodies (protection appeals or Public Procurement Tribunal).<\/p>\n<p>Likewise, we analyze, design strategies, and handle the defense of our clients' interests in contentious or punitive administrative processes, both general and special, before the Administration itself, ordinary courts, courts of appeals, and special tribunals.<\/p>\n\n\t\t<\/div>\n\t<\/div>\n<\/div><\/div><\/div><\/div><div class=\"vc_row wpb_row vc_row-fluid vc_custom_1711893137293\"><div class=\"wpb_column vc_column_container vc_col-sm-12\"><div class=\"vc_column-inner\"><div class=\"wpb_wrapper\"><div class=\"vc_custom_heading text_align_left title_no_stripe\" ><h2 style=\"color: #5d6178;text-align: left\" class=\"consulting-custom-title\">Partners in Charge<\/h2><\/div><div class=\"stm-spacing\" id=\"stm-spacing-69f47fe5285ce\"><\/div>\n<script>\n    (function($){\n        \"use strict\";\n        var spacingID = 'stm-spacing-69f47fe5285ce',\n            lgSpacing = '30',\n            mdSpacing = '20',\n            smSpacing = '10',\n            xsSpacing = '10';\n\n        function stmSpacing() {\n            if ( window.matchMedia(\"(min-width: 1200px)\").matches && lgSpacing ) {\n                $( '#' + spacingID ).css ( \"height\", lgSpacing );\n            } else if ( window.matchMedia(\"(max-width: 1199px) and (min-width: 992px )\").matches && mdSpacing ) {\n                $( '#' + spacingID ).css ( \"height\", mdSpacing );\n            } else if ( window.matchMedia(\"(max-width: 991px) and (min-width: 768px )\").matches && smSpacing ) {\n                $( '#' + spacingID ).css ( \"height\", smSpacing );\n            } else if ( window.matchMedia(\"(max-width: 767px)\").matches && xsSpacing ) {\n                $( '#' + spacingID ).css ( \"height\", xsSpacing );\n            } else {\n                $( '#' + spacingID ).css ( \"height\", \"\" );\n            }\n        }\n\n        $(document).ready(function() {\n            stmSpacing();\n        });\n\n        $(window).resize(function() {\n            stmSpacing();\n        });\n\n    })(jQuery);\n<\/script><div class=\"vc_row wpb_row vc_inner vc_row-fluid\"><div class=\"wpb_column vc_column_container vc_col-sm-4\"><div class=\"vc_column-inner\"><div class=\"wpb_wrapper\">\n\t<div  class=\"wpb_single_image wpb_content_element vc_align_left\">\n\t\t\n\t\t<figure class=\"wpb_wrapper vc_figure\">\n\t\t\t<div class=\"vc_single_image-wrapper   vc_box_border_grey\"><img loading=\"lazy\" decoding=\"async\" width=\"150\" height=\"150\" src=\"https:\/\/imad.cl\/wp-content\/uploads\/2024\/03\/mardones_circulo.png\" class=\"vc_single_image-img attachment-medium\" alt=\"\" title=\"mardones_circulo\" srcset=\"https:\/\/imad.cl\/wp-content\/uploads\/2024\/03\/mardones_circulo.png 150w, https:\/\/imad.cl\/wp-content\/uploads\/2024\/03\/mardones_circulo-50x50.png 50w\" sizes=\"auto, (max-width: 150px) 100vw, 150px\" \/><\/div>\n\t\t<\/figure>\n\t<\/div>\n<div class=\"infobox  vc_custom_1711929184705 style_7\">\n\t\t\t<h4 class=\"infobox_title\">Marcelo Mardones<\/h4>\n\t\t\t\t\t\t\t<a href=\"https:\/\/imad.cl\/en\/marcelo_mardones\/\" class=\"infobox_link\">\n\t\t\t<i class=\"stm-lnr-arrow-right third_bg_color\"><\/i>\n\t\t\tView Profile\t\t<\/a>\n\t<\/div>\n<\/div><\/div><\/div><div class=\"wpb_column vc_column_container vc_col-sm-4\"><div class=\"vc_column-inner\"><div class=\"wpb_wrapper\">\n\t<div  class=\"wpb_single_image wpb_content_element vc_align_left\">\n\t\t\n\t\t<figure class=\"wpb_wrapper vc_figure\">\n\t\t\t<div class=\"vc_single_image-wrapper   vc_box_border_grey\"><img loading=\"lazy\" decoding=\"async\" width=\"150\" height=\"150\" src=\"https:\/\/imad.cl\/wp-content\/uploads\/2024\/03\/irarrazabal-circulo.png\" class=\"vc_single_image-img attachment-medium\" alt=\"\" title=\"irarrazabal-circulo\" srcset=\"https:\/\/imad.cl\/wp-content\/uploads\/2024\/03\/irarrazabal-circulo.png 150w, https:\/\/imad.cl\/wp-content\/uploads\/2024\/03\/irarrazabal-circulo-50x50.png 50w\" sizes=\"auto, (max-width: 150px) 100vw, 150px\" \/><\/div>\n\t\t<\/figure>\n\t<\/div>\n<div class=\"infobox  vc_custom_1711929693279 style_7\">\n\t\t\t<h4 class=\"infobox_title\">Domingo Irarr\u00e1zaval<\/h4>\n\t\t\t\t\t\t\t<a href=\"https:\/\/imad.cl\/en\/domingo_irarrazaval\/\" class=\"infobox_link\">\n\t\t\t<i class=\"stm-lnr-arrow-right third_bg_color\"><\/i>\n\t\t\tView Profile\t\t<\/a>\n\t<\/div>\n<\/div><\/div><\/div><\/div><\/div><\/div><\/div><\/div>\n<\/div>","protected":false},"excerpt":{"rendered":"Derecho P\u00fablico \/ Administrativo Contamos con gran experiencia, tanto como exfuncionarios del sector p\u00fablico, como asesorando y representando empresas y entidades en sus relaciones con la Administraci\u00f3n. En tales posiciones hemos tramitado procedimientos administrativos de las m\u00e1s diversas naturalezas (generales, sancionatorios, autorizaciones y concesiones administrativas, etc.), hemos sido requeridos para emitir informes en derecho y","protected":false},"author":1,"featured_media":0,"parent":0,"menu_order":0,"comment_status":"closed","ping_status":"closed","template":"","meta":{"footnotes":""},"class_list":["post-7147","page","type-page","status-publish","hentry"],"_links":{"self":[{"href":"https:\/\/imad.cl\/en\/wp-json\/wp\/v2\/pages\/7147","targetHints":{"allow":["GET"]}}],"collection":[{"href":"https:\/\/imad.cl\/en\/wp-json\/wp\/v2\/pages"}],"about":[{"href":"https:\/\/imad.cl\/en\/wp-json\/wp\/v2\/types\/page"}],"author":[{"embeddable":true,"href":"https:\/\/imad.cl\/en\/wp-json\/wp\/v2\/users\/1"}],"replies":[{"embeddable":true,"href":"https:\/\/imad.cl\/en\/wp-json\/wp\/v2\/comments?post=7147"}],"version-history":[{"count":6,"href":"https:\/\/imad.cl\/en\/wp-json\/wp\/v2\/pages\/7147\/revisions"}],"predecessor-version":[{"id":7229,"href":"https:\/\/imad.cl\/en\/wp-json\/wp\/v2\/pages\/7147\/revisions\/7229"}],"wp:attachment":[{"href":"https:\/\/imad.cl\/en\/wp-json\/wp\/v2\/media?parent=7147"}],"curies":[{"name":"wp","href":"https:\/\/api.w.org\/{rel}","templated":true}]}}