{"id":7134,"date":"2024-03-31T20:13:33","date_gmt":"2024-03-31T20:13:33","guid":{"rendered":"https:\/\/imad.cl\/?page_id=7134"},"modified":"2024-04-03T14:02:32","modified_gmt":"2024-04-03T14:02:32","slug":"daniel_alvarez","status":"publish","type":"page","link":"https:\/\/imad.cl\/en\/daniel_alvarez\/","title":{"rendered":"Daniel \u00c1lvarez"},"content":{"rendered":"<div class=\"wpb-content-wrapper\"><div class=\"vc_row wpb_row vc_row-fluid\"><div class=\"wpb_column vc_column_container vc_col-sm-12\"><div class=\"vc_column-inner\"><div class=\"wpb_wrapper\"><div class=\"vc_custom_heading text_align_left title_no_stripe\" ><h2 style=\"color: #0e689b;text-align: left\" class=\"consulting-custom-title\">Daniel Alvarez<\/h2><\/div><div class=\"vc_custom_heading vc_custom_1712112762159 text_align_left title_no_stripe\" ><h3 style=\"text-align: left\" class=\"consulting-custom-title\">Associate<\/h3><\/div><div class=\"vc_row wpb_row vc_inner vc_row-fluid\"><div class=\"wpb_column vc_column_container vc_col-sm-4\"><div class=\"vc_column-inner\"><div class=\"wpb_wrapper\">\n\t<div  class=\"wpb_single_image wpb_content_element vc_align_left\">\n\t\t\n\t\t<figure class=\"wpb_wrapper vc_figure\">\n\t\t\t<div class=\"vc_single_image-wrapper   vc_box_border_grey\"><img loading=\"lazy\" decoding=\"async\" width=\"300\" height=\"450\" src=\"https:\/\/imad.cl\/wp-content\/uploads\/2024\/03\/Daniel-Alvarez.png\" class=\"vc_single_image-img attachment-full\" alt=\"\" title=\"Daniel Alvarez\" srcset=\"https:\/\/imad.cl\/wp-content\/uploads\/2024\/03\/Daniel-Alvarez.png 300w, https:\/\/imad.cl\/wp-content\/uploads\/2024\/03\/Daniel-Alvarez-200x300.png 200w\" sizes=\"auto, (max-width: 300px) 100vw, 300px\" \/><\/div>\n\t\t<\/figure>\n\t<\/div>\n<\/div><\/div><\/div><div class=\"wpb_column vc_column_container vc_col-sm-4\"><div class=\"vc_column-inner\"><div class=\"wpb_wrapper\"><div class=\"stm-spacing\" id=\"stm-spacing-69f5fa4598f54\"><\/div>\n<script>\n    (function($){\n        \"use strict\";\n        var spacingID = 'stm-spacing-69f5fa4598f54',\n            lgSpacing = '0',\n            mdSpacing = '0',\n            smSpacing = '0',\n            xsSpacing = '30';\n\n        function stmSpacing() {\n            if ( window.matchMedia(\"(min-width: 1200px)\").matches && lgSpacing ) {\n                $( '#' + spacingID ).css ( \"height\", lgSpacing );\n            } else if ( window.matchMedia(\"(max-width: 1199px) and (min-width: 992px )\").matches && mdSpacing ) {\n                $( '#' + spacingID ).css ( \"height\", mdSpacing );\n            } else if ( window.matchMedia(\"(max-width: 991px) and (min-width: 768px )\").matches && smSpacing ) {\n                $( '#' + spacingID ).css ( \"height\", smSpacing );\n            } else if ( window.matchMedia(\"(max-width: 767px)\").matches && xsSpacing ) {\n                $( '#' + spacingID ).css ( \"height\", xsSpacing );\n            } else {\n                $( '#' + spacingID ).css ( \"height\", \"\" );\n            }\n        }\n\n        $(document).ready(function() {\n            stmSpacing();\n        });\n\n        $(window).resize(function() {\n            stmSpacing();\n        });\n\n    })(jQuery);\n<\/script><div class=\"vc_custom_heading no_stripe remove_padding vc_custom_1711750569859 text_align_left\" ><h6 style=\"color: #222222;text-align: left\" class=\"consulting-custom-title\">Our Practice<\/h6><\/div>\n\t<div class=\"wpb_text_column wpb_content_element\" >\n\t\t<div class=\"wpb_wrapper\">\n\t\t\t<ul class=\"small_margin\" style=\"font-size: 13px; line-height: 18px;\">\n<li>Civil and Commercial Litigation<\/li>\n<li>Arbitration<\/li>\n<li>Administrative Litigation<\/li>\n<li>Out-of-court Negotiations<\/li>\n<\/ul>\n\n\t\t<\/div>\n\t<\/div>\n<\/div><\/div><\/div><div class=\"wpb_column vc_column_container vc_col-sm-4\"><div class=\"vc_column-inner\"><div class=\"wpb_wrapper\"><div class=\"stm-spacing\" id=\"stm-spacing-69f5fa459946f\"><\/div>\n<script>\n    (function($){\n        \"use strict\";\n        var spacingID = 'stm-spacing-69f5fa459946f',\n            lgSpacing = '0',\n            mdSpacing = '0',\n            smSpacing = '30',\n            xsSpacing = '30';\n\n        function stmSpacing() {\n            if ( window.matchMedia(\"(min-width: 1200px)\").matches && lgSpacing ) {\n                $( '#' + spacingID ).css ( \"height\", lgSpacing );\n            } else if ( window.matchMedia(\"(max-width: 1199px) and (min-width: 992px )\").matches && mdSpacing ) {\n                $( '#' + spacingID ).css ( \"height\", mdSpacing );\n            } else if ( window.matchMedia(\"(max-width: 991px) and (min-width: 768px )\").matches && smSpacing ) {\n                $( '#' + spacingID ).css ( \"height\", smSpacing );\n            } else if ( window.matchMedia(\"(max-width: 767px)\").matches && xsSpacing ) {\n                $( '#' + spacingID ).css ( \"height\", xsSpacing );\n            } else {\n                $( '#' + spacingID ).css ( \"height\", \"\" );\n            }\n        }\n\n        $(document).ready(function() {\n            stmSpacing();\n        });\n\n        $(window).resize(function() {\n            stmSpacing();\n        });\n\n    })(jQuery);\n<\/script><div class=\"vc_custom_heading no_stripe remove_padding vc_custom_1711750661825 text_align_left\" ><h6 style=\"color: #222222;text-align: left\" class=\"consulting-custom-title\">Education<\/h6><\/div>\n\t<div class=\"wpb_text_column wpb_content_element\" >\n\t\t<div class=\"wpb_wrapper\">\n\t\t\t<ul class=\"small_margin\" style=\"font-size: 13px; line-height: 18px;\">\n<li>Law, University of Chile<\/li>\n<\/ul>\n\n\t\t<\/div>\n\t<\/div>\n<div class=\"vc_custom_heading no_stripe remove_padding vc_custom_1711925934067 text_align_left\" ><h6 style=\"color: #222222;text-align: left\" class=\"consulting-custom-title\">Languages<\/h6><\/div>\n\t<div class=\"wpb_text_column wpb_content_element\" >\n\t\t<div class=\"wpb_wrapper\">\n\t\t\t<ul class=\"small_margin\" style=\"font-size: 13px; line-height: 18px;\">\n<li>Spanish<\/li>\n<li>English<\/li>\n<\/ul>\n\n\t\t<\/div>\n\t<\/div>\n<\/div><\/div><\/div><\/div><\/div><\/div><\/div><\/div><div class=\"vc_row wpb_row vc_row-fluid\"><div class=\"wpb_column vc_column_container vc_col-sm-8\"><div class=\"vc_column-inner\"><div class=\"wpb_wrapper\"><div class=\"stm-spacing\" id=\"stm-spacing-69f5fa4599eef\"><\/div>\n<script>\n    (function($){\n        \"use strict\";\n        var spacingID = 'stm-spacing-69f5fa4599eef',\n            lgSpacing = '40',\n            mdSpacing = '30',\n            smSpacing = '10',\n            xsSpacing = '10';\n\n        function stmSpacing() {\n            if ( window.matchMedia(\"(min-width: 1200px)\").matches && lgSpacing ) {\n                $( '#' + spacingID ).css ( \"height\", lgSpacing );\n            } else if ( window.matchMedia(\"(max-width: 1199px) and (min-width: 992px )\").matches && mdSpacing ) {\n                $( '#' + spacingID ).css ( \"height\", mdSpacing );\n            } else if ( window.matchMedia(\"(max-width: 991px) and (min-width: 768px )\").matches && smSpacing ) {\n                $( '#' + spacingID ).css ( \"height\", smSpacing );\n            } else if ( window.matchMedia(\"(max-width: 767px)\").matches && xsSpacing ) {\n                $( '#' + spacingID ).css ( \"height\", xsSpacing );\n            } else {\n                $( '#' + spacingID ).css ( \"height\", \"\" );\n            }\n        }\n\n        $(document).ready(function() {\n            stmSpacing();\n        });\n\n        $(window).resize(function() {\n            stmSpacing();\n        });\n\n    })(jQuery);\n<\/script>\n\t<div class=\"wpb_text_column wpb_content_element\" >\n\t\t<div class=\"wpb_wrapper\">\n\t\t\t<p>Daniel \u00c1lvarez is an associate at IMAD Abogados. His practice focuses on litigation and arbitration in various areas, including contractual and extra-contractual civil liability, foreign investment, corporate law, consumer law, unfair competition, among others.<\/p>\n\n\t\t<\/div>\n\t<\/div>\n\n\t<div class=\"wpb_text_column wpb_content_element\" >\n\t\t<div class=\"wpb_wrapper\">\n\t\t\t<blockquote>\n<p>His practice also includes pre-litigation advice to national and international clients in the mining, energy, foreign investment, retail, among other sectors.<\/p>\n<\/blockquote>\n\n\t\t<\/div>\n\t<\/div>\n<\/div><\/div><\/div><div class=\"wpb_column vc_column_container vc_col-sm-4\"><div class=\"vc_column-inner\"><div class=\"wpb_wrapper\">\n<div class=\"stm_contacts_widget vc_custom_1711916170074  style_1\">\n    \n            <h4 class=\"no_stripe\">Contact:<\/h4>\n    \n    \n        <ul>\n                            <li>\n                    <div class=\"icon\"><i class=\"fa fa-map-marker\"><\/i><\/div>\n                    <div class=\"text\">Av. Las Condes 11.700, Torre A, Oficina 901. Vitacura, Santiago, Chile<\/div>\n                <\/li>\n                                                                <li>\n                    <div class=\"icon\"><i class=\"fa fa-envelope\"><\/i><\/div>\n                    <div class=\"text\"><a href=\"mailto:dal&#118;&#97;&#114;ez&#64;&#105;m&#97;&#100;&#46;c&#108;\">&#100;&#97;&#108;&#118;&#97;&#114;&#101;z&#64;imad.cl<\/a><\/div>\n                <\/li>\n                                <\/ul>\n                    <ul class=\"socials\">\n                                                                    <li><a href=\"https:\/\/www.linkedin.com\/in\/daniel-\u00e1lvarez-liberona-425906219\/?originalSubdomain=cl\" target=\"_blank\" class=\"social-linkedin\"><i class=\"fa fa-linkedin\"><\/i><\/a><\/li>\n                                                            <\/ul>\n        \n    \n<\/div><\/div><\/div><\/div><\/div><div class=\"vc_row wpb_row vc_row-fluid vc_custom_1711919649684\"><div class=\"wpb_column vc_column_container vc_col-sm-12\"><div class=\"vc_column-inner\"><div class=\"wpb_wrapper\"><div class=\"vc_tta-container\" data-vc-action=\"collapse\"><div class=\"vc_general vc_tta vc_tta-tabs vc_tta-color-grey vc_tta-style-classic vc_tta-shape-square vc_tta-o-shape-group  theme_style vc_tta-tabs-position-top vc_tta-controls-align-left\"><div class=\"vc_tta-tabs-container\"><ul class=\"vc_tta-tabs-list\"><li class=\"vc_tta-tab vc_active\" data-vc-tab><a href=\"#1453266957006-3f3e3dff-6ef8\" data-vc-tabs data-vc-container=\".vc_tta\"><span class=\"vc_tta-title-text\">Representative Experience<\/span><\/a><\/li><li class=\"vc_tta-tab\" data-vc-tab><a href=\"#1453268943534-fe1934ed-d1be\" data-vc-tabs data-vc-container=\".vc_tta\"><span class=\"vc_tta-title-text\">Activities and Memberships<\/span><\/a><\/li><\/ul><\/div><div class=\"vc_tta-panels-container\"><div class=\"vc_tta-panels\"><div class=\"vc_tta-panel vc_active\" id=\"1453266957006-3f3e3dff-6ef8\" data-vc-content=\".vc_tta-panel-body\"><div class=\"vc_tta-panel-heading\"><h4 class=\"vc_tta-panel-title\"><a href=\"#1453266957006-3f3e3dff-6ef8\" data-vc-accordion data-vc-container=\".vc_tta-container\"><span class=\"vc_tta-title-text\">Representative Experience<\/span><\/a><\/h4><\/div><div class=\"vc_tta-panel-body\">\n\t<div class=\"wpb_text_column wpb_content_element\" >\n\t\t<div class=\"wpb_wrapper\">\n\t\t\t<ul>\n<li>To an aviation school, in a case of tort liability for an air accident where damages of US$2 million are claimed.<\/li>\n<li>To various patients, in medical malpractice cases for negligence or lack of informed consent against private clinics.<\/li>\n<li>To various co-owners, in succession partition arbitrations conducted under statutory law or ad hoc rules.<\/li>\n<li>To various creditors, in executory proceedings for obligations to deliver before ordinary courts of justice.<\/li>\n<\/ul>\n\n\t\t<\/div>\n\t<\/div>\n<\/div><\/div><div class=\"vc_tta-panel\" id=\"1453268943534-fe1934ed-d1be\" data-vc-content=\".vc_tta-panel-body\"><div class=\"vc_tta-panel-heading\"><h4 class=\"vc_tta-panel-title\"><a href=\"#1453268943534-fe1934ed-d1be\" data-vc-accordion data-vc-container=\".vc_tta-container\"><span class=\"vc_tta-title-text\">Activities and Memberships<\/span><\/a><\/h4><\/div><div class=\"vc_tta-panel-body\">\n\t<div class=\"wpb_text_column wpb_content_element\" >\n\t\t<div class=\"wpb_wrapper\">\n\t\t\t<ul>\n<li>Legal Clinics Assistant at the Law School of the University of Chile.<\/li>\n<\/ul>\n\n\t\t<\/div>\n\t<\/div>\n<\/div><\/div><\/div><\/div><\/div><\/div><\/div><\/div><\/div><\/div>\n<\/div>","protected":false},"excerpt":{"rendered":"Daniel AlvarezAsociado Areas de Pr\u00e1ctica Litigaci\u00f3n Civil y Comercial Arbitraje Litigaci\u00f3n Administrativa Negociaciones extrajudiciales Educaci\u00f3n Derecho, Universidad de Chile Idiomas Espa\u00f1ol Ingl\u00e9s Daniel \u00c1lvarez es asociado de IMAD Abogados. Su pr\u00e1ctica se centra en litigios y arbitrajes en diversas materias, incluyendo responsabilidad civil contractual y extracontractual, inversi\u00f3n extranjera, derecho societario, derecho del consumidor, competencia desleal,","protected":false},"author":1,"featured_media":0,"parent":0,"menu_order":0,"comment_status":"closed","ping_status":"closed","template":"","meta":{"footnotes":""},"class_list":["post-7134","page","type-page","status-publish","hentry"],"_links":{"self":[{"href":"https:\/\/imad.cl\/en\/wp-json\/wp\/v2\/pages\/7134","targetHints":{"allow":["GET"]}}],"collection":[{"href":"https:\/\/imad.cl\/en\/wp-json\/wp\/v2\/pages"}],"about":[{"href":"https:\/\/imad.cl\/en\/wp-json\/wp\/v2\/types\/page"}],"author":[{"embeddable":true,"href":"https:\/\/imad.cl\/en\/wp-json\/wp\/v2\/users\/1"}],"replies":[{"embeddable":true,"href":"https:\/\/imad.cl\/en\/wp-json\/wp\/v2\/comments?post=7134"}],"version-history":[{"count":10,"href":"https:\/\/imad.cl\/en\/wp-json\/wp\/v2\/pages\/7134\/revisions"}],"predecessor-version":[{"id":7257,"href":"https:\/\/imad.cl\/en\/wp-json\/wp\/v2\/pages\/7134\/revisions\/7257"}],"wp:attachment":[{"href":"https:\/\/imad.cl\/en\/wp-json\/wp\/v2\/media?parent=7134"}],"curies":[{"name":"wp","href":"https:\/\/api.w.org\/{rel}","templated":true}]}}