{"id":7123,"date":"2024-03-31T20:01:00","date_gmt":"2024-03-31T20:01:00","guid":{"rendered":"https:\/\/imad.cl\/?page_id=7123"},"modified":"2024-04-03T14:02:25","modified_gmt":"2024-04-03T14:02:25","slug":"gustavo-donoso-2","status":"publish","type":"page","link":"https:\/\/imad.cl\/en\/gustavo-donoso-2\/","title":{"rendered":"Gustavo Donoso"},"content":{"rendered":"<div class=\"wpb-content-wrapper\"><div class=\"vc_row wpb_row vc_row-fluid\"><div class=\"wpb_column vc_column_container vc_col-sm-12\"><div class=\"vc_column-inner\"><div class=\"wpb_wrapper\"><div class=\"vc_custom_heading text_align_left title_no_stripe\" ><h2 style=\"color: #0e689b;text-align: left\" class=\"consulting-custom-title\">Gustavo Donoso<\/h2><\/div><div class=\"vc_custom_heading vc_custom_1711916853752 text_align_left title_no_stripe\" ><h3 style=\"text-align: left\" class=\"consulting-custom-title\">Partner<\/h3><\/div><div class=\"vc_row wpb_row vc_inner vc_row-fluid\"><div class=\"wpb_column vc_column_container vc_col-sm-4\"><div class=\"vc_column-inner\"><div class=\"wpb_wrapper\">\n\t<div  class=\"wpb_single_image wpb_content_element vc_align_left\">\n\t\t\n\t\t<figure class=\"wpb_wrapper vc_figure\">\n\t\t\t<div class=\"vc_single_image-wrapper   vc_box_border_grey\"><img loading=\"lazy\" decoding=\"async\" width=\"300\" height=\"450\" src=\"https:\/\/imad.cl\/wp-content\/uploads\/2024\/03\/Gustavo-Donoso.png\" class=\"vc_single_image-img attachment-full\" alt=\"\" title=\"Gustavo-Donoso\" srcset=\"https:\/\/imad.cl\/wp-content\/uploads\/2024\/03\/Gustavo-Donoso.png 300w, https:\/\/imad.cl\/wp-content\/uploads\/2024\/03\/Gustavo-Donoso-200x300.png 200w\" sizes=\"auto, (max-width: 300px) 100vw, 300px\" \/><\/div>\n\t\t<\/figure>\n\t<\/div>\n<\/div><\/div><\/div><div class=\"wpb_column vc_column_container vc_col-sm-4\"><div class=\"vc_column-inner\"><div class=\"wpb_wrapper\"><div class=\"stm-spacing\" id=\"stm-spacing-69f58076c9d1b\"><\/div>\n<script>\n    (function($){\n        \"use strict\";\n        var spacingID = 'stm-spacing-69f58076c9d1b',\n            lgSpacing = '0',\n            mdSpacing = '0',\n            smSpacing = '0',\n            xsSpacing = '30';\n\n        function stmSpacing() {\n            if ( window.matchMedia(\"(min-width: 1200px)\").matches && lgSpacing ) {\n                $( '#' + spacingID ).css ( \"height\", lgSpacing );\n            } else if ( window.matchMedia(\"(max-width: 1199px) and (min-width: 992px )\").matches && mdSpacing ) {\n                $( '#' + spacingID ).css ( \"height\", mdSpacing );\n            } else if ( window.matchMedia(\"(max-width: 991px) and (min-width: 768px )\").matches && smSpacing ) {\n                $( '#' + spacingID ).css ( \"height\", smSpacing );\n            } else if ( window.matchMedia(\"(max-width: 767px)\").matches && xsSpacing ) {\n                $( '#' + spacingID ).css ( \"height\", xsSpacing );\n            } else {\n                $( '#' + spacingID ).css ( \"height\", \"\" );\n            }\n        }\n\n        $(document).ready(function() {\n            stmSpacing();\n        });\n\n        $(window).resize(function() {\n            stmSpacing();\n        });\n\n    })(jQuery);\n<\/script><div class=\"vc_custom_heading no_stripe remove_padding vc_custom_1711750569859 text_align_left\" ><h6 style=\"color: #222222;text-align: left\" class=\"consulting-custom-title\">Our Practice<\/h6><\/div>\n\t<div class=\"wpb_text_column wpb_content_element\" >\n\t\t<div class=\"wpb_wrapper\">\n\t\t\t<ul class=\"small_margin\" style=\"font-size: 13px; line-height: 18px;\">\n<li>Corporate<\/li>\n<li>Mining<\/li>\n<li>Contracts<\/li>\n<li>Real Estate<\/li>\n<li>Venture Capital<\/li>\n<\/ul>\n\n\t\t<\/div>\n\t<\/div>\n<\/div><\/div><\/div><div class=\"wpb_column vc_column_container vc_col-sm-4\"><div class=\"vc_column-inner\"><div class=\"wpb_wrapper\"><div class=\"stm-spacing\" id=\"stm-spacing-69f58076ca0b5\"><\/div>\n<script>\n    (function($){\n        \"use strict\";\n        var spacingID = 'stm-spacing-69f58076ca0b5',\n            lgSpacing = '0',\n            mdSpacing = '0',\n            smSpacing = '30',\n            xsSpacing = '30';\n\n        function stmSpacing() {\n            if ( window.matchMedia(\"(min-width: 1200px)\").matches && lgSpacing ) {\n                $( '#' + spacingID ).css ( \"height\", lgSpacing );\n            } else if ( window.matchMedia(\"(max-width: 1199px) and (min-width: 992px )\").matches && mdSpacing ) {\n                $( '#' + spacingID ).css ( \"height\", mdSpacing );\n            } else if ( window.matchMedia(\"(max-width: 991px) and (min-width: 768px )\").matches && smSpacing ) {\n                $( '#' + spacingID ).css ( \"height\", smSpacing );\n            } else if ( window.matchMedia(\"(max-width: 767px)\").matches && xsSpacing ) {\n                $( '#' + spacingID ).css ( \"height\", xsSpacing );\n            } else {\n                $( '#' + spacingID ).css ( \"height\", \"\" );\n            }\n        }\n\n        $(document).ready(function() {\n            stmSpacing();\n        });\n\n        $(window).resize(function() {\n            stmSpacing();\n        });\n\n    })(jQuery);\n<\/script><div class=\"vc_custom_heading no_stripe remove_padding vc_custom_1711750661825 text_align_left\" ><h6 style=\"color: #222222;text-align: left\" class=\"consulting-custom-title\">Education<\/h6><\/div>\n\t<div class=\"wpb_text_column wpb_content_element\" >\n\t\t<div class=\"wpb_wrapper\">\n\t\t\t<ul class=\"small_margin\" style=\"font-size: 13px; line-height: 18px;\">\n<li>LL.M, University of Pennsylvania<\/li>\n<li>Law, Pontificia Universidad Cat\u00f3lica de Chile.<\/li>\n<\/ul>\n\n\t\t<\/div>\n\t<\/div>\n<div class=\"vc_custom_heading no_stripe remove_padding vc_custom_1711925801900 text_align_left\" ><h6 style=\"color: #222222;text-align: left\" class=\"consulting-custom-title\">Languages<\/h6><\/div>\n\t<div class=\"wpb_text_column wpb_content_element\" >\n\t\t<div class=\"wpb_wrapper\">\n\t\t\t<ul class=\"small_margin\" style=\"font-size: 13px; line-height: 18px;\">\n<li>Spanish<\/li>\n<li>English<\/li>\n<\/ul>\n\n\t\t<\/div>\n\t<\/div>\n<\/div><\/div><\/div><\/div><\/div><\/div><\/div><\/div><div class=\"vc_row wpb_row vc_row-fluid\"><div class=\"wpb_column vc_column_container vc_col-sm-8\"><div class=\"vc_column-inner\"><div class=\"wpb_wrapper\"><div class=\"stm-spacing\" id=\"stm-spacing-69f58076ca6d9\"><\/div>\n<script>\n    (function($){\n        \"use strict\";\n        var spacingID = 'stm-spacing-69f58076ca6d9',\n            lgSpacing = '40',\n            mdSpacing = '30',\n            smSpacing = '10',\n            xsSpacing = '10';\n\n        function stmSpacing() {\n            if ( window.matchMedia(\"(min-width: 1200px)\").matches && lgSpacing ) {\n                $( '#' + spacingID ).css ( \"height\", lgSpacing );\n            } else if ( window.matchMedia(\"(max-width: 1199px) and (min-width: 992px )\").matches && mdSpacing ) {\n                $( '#' + spacingID ).css ( \"height\", mdSpacing );\n            } else if ( window.matchMedia(\"(max-width: 991px) and (min-width: 768px )\").matches && smSpacing ) {\n                $( '#' + spacingID ).css ( \"height\", smSpacing );\n            } else if ( window.matchMedia(\"(max-width: 767px)\").matches && xsSpacing ) {\n                $( '#' + spacingID ).css ( \"height\", xsSpacing );\n            } else {\n                $( '#' + spacingID ).css ( \"height\", \"\" );\n            }\n        }\n\n        $(document).ready(function() {\n            stmSpacing();\n        });\n\n        $(window).resize(function() {\n            stmSpacing();\n        });\n\n    })(jQuery);\n<\/script>\n\t<div class=\"wpb_text_column wpb_content_element\" >\n\t\t<div class=\"wpb_wrapper\">\n\t\t\t<p>Gustavo is in charge of the Business Law practice of IMAD Abogados. He has focused his professional practice in corporate law and natural resources, advising domestic and foreign companies in the purchase and sale of companies, in the negotiation of various types of contracts, real estate acquisitions, as well as mining, energy and environmental matters, and in their day-to-day operations and businesses.<\/p>\n\n\t\t<\/div>\n\t<\/div>\n\n\t<div class=\"wpb_text_column wpb_content_element\" >\n\t\t<div class=\"wpb_wrapper\">\n\t\t\t<blockquote>\n<p>He began his professional career at Larra\u00edn, Rozas, Lackington, Rencoret &amp; Urz\u00faa Abogados (currently, Dentons Larra\u00edn Rencoret) and, after completing his postgraduate studies, he joined Cubillos Evans Abogados. He then worked at Dalgalarrando &amp; C\u00eda. Abogados, first as an associate, and then as a partner since 2018, until he joined IMAD Abogados.<\/p>\n<\/blockquote>\n\n\t\t<\/div>\n\t<\/div>\n<\/div><\/div><\/div><div class=\"wpb_column vc_column_container vc_col-sm-4\"><div class=\"vc_column-inner\"><div class=\"wpb_wrapper\">\n<div class=\"stm_contacts_widget vc_custom_1711915660576  style_1\">\n    \n            <h4 class=\"no_stripe\">Contact:<\/h4>\n    \n    \n        <ul>\n                            <li>\n                    <div class=\"icon\"><i class=\"fa fa-map-marker\"><\/i><\/div>\n                    <div class=\"text\">Av. Las Condes 11.700, Torre A, Oficina 901. Vitacura, Santiago, Chile<\/div>\n                <\/li>\n                                                                <li>\n                    <div class=\"icon\"><i class=\"fa fa-envelope\"><\/i><\/div>\n                    <div class=\"text\"><a href=\"mailto:&#103;do&#110;&#111;s&#111;&#64;i&#109;ad.c&#108;\">&#103;&#100;o&#110;os&#111;&#64;&#105;m&#97;&#100;.cl<\/a><\/div>\n                <\/li>\n                                <\/ul>\n                    <ul class=\"socials\">\n                                                                    <li><a href=\"https:\/\/www.linkedin.com\/in\/gustavo-donoso-a70209a3\" target=\"_blank\" class=\"social-linkedin\"><i class=\"fa fa-linkedin\"><\/i><\/a><\/li>\n                                                            <\/ul>\n        \n    \n<\/div><\/div><\/div><\/div><\/div><div class=\"vc_row wpb_row vc_row-fluid vc_custom_1711919574024\"><div class=\"wpb_column vc_column_container vc_col-sm-12\"><div class=\"vc_column-inner\"><div class=\"wpb_wrapper\"><div class=\"vc_tta-container\" data-vc-action=\"collapse\"><div class=\"vc_general vc_tta vc_tta-tabs vc_tta-color-grey vc_tta-style-classic vc_tta-shape-square vc_tta-o-shape-group  theme_style vc_tta-tabs-position-top vc_tta-controls-align-left\"><div class=\"vc_tta-tabs-container\"><ul class=\"vc_tta-tabs-list\"><li class=\"vc_tta-tab vc_active\" data-vc-tab><a href=\"#1453266957006-3f3e3dff-6ef8\" data-vc-tabs data-vc-container=\".vc_tta\"><span class=\"vc_tta-title-text\">Representative Experience<\/span><\/a><\/li><li class=\"vc_tta-tab\" data-vc-tab><a href=\"#1453268943534-fe1934ed-d1be\" data-vc-tabs data-vc-container=\".vc_tta\"><span class=\"vc_tta-title-text\">Activities and Memberships<\/span><\/a><\/li><li class=\"vc_tta-tab\" data-vc-tab><a href=\"#1711919094954-e20dada8-6d89\" data-vc-tabs data-vc-container=\".vc_tta\"><span class=\"vc_tta-title-text\">Publications<\/span><\/a><\/li><\/ul><\/div><div class=\"vc_tta-panels-container\"><div class=\"vc_tta-panels\"><div class=\"vc_tta-panel vc_active\" id=\"1453266957006-3f3e3dff-6ef8\" data-vc-content=\".vc_tta-panel-body\"><div class=\"vc_tta-panel-heading\"><h4 class=\"vc_tta-panel-title\"><a href=\"#1453266957006-3f3e3dff-6ef8\" data-vc-accordion data-vc-container=\".vc_tta-container\"><span class=\"vc_tta-title-text\">Representative Experience<\/span><\/a><\/h4><\/div><div class=\"vc_tta-panel-body\">\n\t<div class=\"wpb_text_column wpb_content_element\" >\n\t\t<div class=\"wpb_wrapper\">\n\t\t\t<ul>\n<li>Counsel for a Canadian company in the negotiation of a mining joint venture with a local company (2021).<\/li>\n<li>Counsel for a Spanish company in the bidding process for transmission line expansion works (2021).<\/li>\n<li>Counsel for the shareholders of a local company in the process of negotiating a shareholders' agreement (2021).<\/li>\n<li>Counsel for a Chilean telecommunications company in the process of issuing local bonds for a total amount of approximately UF5,000,000 (2020).<\/li>\n<li>Counsel for a private investment fund in its investment of approximately US$1,430,000 in a local company that developed human capital management software (2019).<\/li>\n<li>Counsel for a Canadian company negotiating a mining joint venture with a local company (2019).<\/li>\n<li>Counsel for a U.S. holding company in negotiation of a real estate joint venture with a local company (2019).<\/li>\n<li>Counsel for a local company in the acquisition of two wind farms in Chile, for a total value of US$3,400,000 (2018).<\/li>\n<li>Counsel for a local company in the development of a gas transportation project, through a gas pipeline running from a regasification port to a power generation plant (2018).<\/li>\n<li>Counsel for the majority shareholders of a local company engaged in the management of operational processes, in the negotiation of a financing round for approximately US$3,900,000 (2018).<\/li>\n<li>Counsel for all shareholders of a Chilean electronic documentation and invoicing company with presence throughout Latin America, in the selling of the company to a foreign holding for an undisclosed amount (2017).<\/li>\n<li>Counsel for U.S. and Brazilian companies in the purchase of Spanish coupon company with presence throughout Latin America (2012).<\/li>\n<\/ul>\n\n\t\t<\/div>\n\t<\/div>\n<\/div><\/div><div class=\"vc_tta-panel\" id=\"1453268943534-fe1934ed-d1be\" data-vc-content=\".vc_tta-panel-body\"><div class=\"vc_tta-panel-heading\"><h4 class=\"vc_tta-panel-title\"><a href=\"#1453268943534-fe1934ed-d1be\" data-vc-accordion data-vc-container=\".vc_tta-container\"><span class=\"vc_tta-title-text\">Activities and Memberships<\/span><\/a><\/h4><\/div><div class=\"vc_tta-panel-body\">\n\t<div class=\"wpb_text_column wpb_content_element\" >\n\t\t<div class=\"wpb_wrapper\">\n\t\t\t<ul>\n<li>Chilean Bar Association.<\/li>\n<\/ul>\n\n\t\t<\/div>\n\t<\/div>\n<\/div><\/div><div class=\"vc_tta-panel\" id=\"1711919094954-e20dada8-6d89\" data-vc-content=\".vc_tta-panel-body\"><div class=\"vc_tta-panel-heading\"><h4 class=\"vc_tta-panel-title\"><a href=\"#1711919094954-e20dada8-6d89\" data-vc-accordion data-vc-container=\".vc_tta-container\"><span class=\"vc_tta-title-text\">Publications<\/span><\/a><\/h4><\/div><div class=\"vc_tta-panel-body\">\n\t<div class=\"wpb_text_column wpb_content_element\" >\n\t\t<div class=\"wpb_wrapper\">\n\t\t\t<ul>\n<li class=\"font_8\"><a href=\"http:\/\/www.regblog.org\/2015\/05\/11\/donoso-drone-chile\/\" target=\"_blank\" rel=\"noopener\"><span class=\"color_15\">\u201c<em>New Regulation Emerges for Drone Use in Chile<\/em>\u201d, en The Regulatory Review de la University of Pennsylvania Law School (mayo 2015) \u00a0 \u00a0<\/span><\/a><\/li>\n<li class=\"font_8\"><a href=\"http:\/\/www.regblog.org\/2015\/04\/21\/donoso-chilean-gas\/\" target=\"_blank\" rel=\"noopener\"><span class=\"color_15\"><span class=\"wixGuard\">\u200b<\/span><\/span><span class=\"color_15\">\u201c<em>Chilean Government Proposes Enhancements to Gas Regulation<\/em>\u201d, en The Regulatory Review de la University of Pennsylvania Law School (abril 2015) \u00a0<\/span><\/a><\/li>\n<li class=\"font_8\"><a href=\"http:\/\/www.regblog.org\/2015\/03\/19\/donoso-artic-drilling\/\" target=\"_blank\" rel=\"noopener\"><span class=\"color_15\">\u201c<em>New Regulations Proposed on Arctic Ocean Drilling<\/em>\u201d, en The Regulatory Review de la University of Pennsylvania Law School (marzo 2015) \u00a0<\/span><\/a><\/li>\n<li class=\"font_8\"><a href=\"http:\/\/www.regblog.org\/2015\/03\/12\/donoso-epa-enforcement\/\" target=\"_blank\" rel=\"noopener\"><span class=\"color_15\">\u201c<em>EPA Enforcement in a Time of Financial Constraint<\/em>\u201d, en The Regulatory Review de la University of Pennsylvania Law School (marzo 2015) \u00a0<\/span><\/a><\/li>\n<\/ul>\n\n\t\t<\/div>\n\t<\/div>\n<\/div><\/div><\/div><\/div><\/div><\/div><\/div><\/div><\/div><\/div>\n<\/div>","protected":false},"excerpt":{"rendered":"Gustavo DonosoSocio Areas de Pr\u00e1ctica Corporativo Minero Contratos Inmobiliario Venture Capital Educaci\u00f3n LL.M, University of Pennsylvania (2015) Derecho, Pontificia Universidad Cat\u00f3lica de Chile (2011) Idiomas Espa\u00f1ol Ingl\u00e9s Gustavo est\u00e1 a cargo del \u00e1rea de Derecho de los Negocios de IMAD Abogados. Ha centrado su ejercicio profesional en materias corporativas y de recursos naturales, asesorando a","protected":false},"author":1,"featured_media":0,"parent":0,"menu_order":0,"comment_status":"closed","ping_status":"closed","template":"","meta":{"footnotes":""},"class_list":["post-7123","page","type-page","status-publish","hentry"],"_links":{"self":[{"href":"https:\/\/imad.cl\/en\/wp-json\/wp\/v2\/pages\/7123","targetHints":{"allow":["GET"]}}],"collection":[{"href":"https:\/\/imad.cl\/en\/wp-json\/wp\/v2\/pages"}],"about":[{"href":"https:\/\/imad.cl\/en\/wp-json\/wp\/v2\/types\/page"}],"author":[{"embeddable":true,"href":"https:\/\/imad.cl\/en\/wp-json\/wp\/v2\/users\/1"}],"replies":[{"embeddable":true,"href":"https:\/\/imad.cl\/en\/wp-json\/wp\/v2\/comments?post=7123"}],"version-history":[{"count":10,"href":"https:\/\/imad.cl\/en\/wp-json\/wp\/v2\/pages\/7123\/revisions"}],"predecessor-version":[{"id":7256,"href":"https:\/\/imad.cl\/en\/wp-json\/wp\/v2\/pages\/7123\/revisions\/7256"}],"wp:attachment":[{"href":"https:\/\/imad.cl\/en\/wp-json\/wp\/v2\/media?parent=7123"}],"curies":[{"name":"wp","href":"https:\/\/api.w.org\/{rel}","templated":true}]}}