{"id":7116,"date":"2024-03-31T19:44:27","date_gmt":"2024-03-31T19:44:27","guid":{"rendered":"https:\/\/imad.cl\/?page_id=7116"},"modified":"2024-04-03T14:02:15","modified_gmt":"2024-04-03T14:02:15","slug":"marcelo_mardones","status":"publish","type":"page","link":"https:\/\/imad.cl\/en\/marcelo_mardones\/","title":{"rendered":"Marcelo Mardones"},"content":{"rendered":"<div class=\"wpb-content-wrapper\"><div class=\"vc_row wpb_row vc_row-fluid\"><div class=\"wpb_column vc_column_container vc_col-sm-12\"><div class=\"vc_column-inner\"><div class=\"wpb_wrapper\"><div class=\"vc_custom_heading text_align_left title_no_stripe\" ><h2 style=\"color: #0e689b;text-align: left\" class=\"consulting-custom-title\">Marcelo Mardones<\/h2><\/div><div class=\"vc_custom_heading vc_custom_1711915409556 text_align_left title_no_stripe\" ><h3 style=\"text-align: left\" class=\"consulting-custom-title\">Partner<\/h3><\/div><div class=\"vc_row wpb_row vc_inner vc_row-fluid\"><div class=\"wpb_column vc_column_container vc_col-sm-4\"><div class=\"vc_column-inner\"><div class=\"wpb_wrapper\">\n\t<div  class=\"wpb_single_image wpb_content_element vc_align_left\">\n\t\t\n\t\t<figure class=\"wpb_wrapper vc_figure\">\n\t\t\t<div class=\"vc_single_image-wrapper   vc_box_border_grey\"><img loading=\"lazy\" decoding=\"async\" width=\"300\" height=\"450\" src=\"https:\/\/imad.cl\/wp-content\/uploads\/2024\/03\/Marcelo-Mardones.png\" class=\"vc_single_image-img attachment-full\" alt=\"\" title=\"Marcelo Mardones\" srcset=\"https:\/\/imad.cl\/wp-content\/uploads\/2024\/03\/Marcelo-Mardones.png 300w, https:\/\/imad.cl\/wp-content\/uploads\/2024\/03\/Marcelo-Mardones-200x300.png 200w\" sizes=\"auto, (max-width: 300px) 100vw, 300px\" \/><\/div>\n\t\t<\/figure>\n\t<\/div>\n<\/div><\/div><\/div><div class=\"wpb_column vc_column_container vc_col-sm-4\"><div class=\"vc_column-inner\"><div class=\"wpb_wrapper\"><div class=\"stm-spacing\" id=\"stm-spacing-69fdeee813c3c\"><\/div>\n<script>\n    (function($){\n        \"use strict\";\n        var spacingID = 'stm-spacing-69fdeee813c3c',\n            lgSpacing = '0',\n            mdSpacing = '0',\n            smSpacing = '0',\n            xsSpacing = '30';\n\n        function stmSpacing() {\n            if ( window.matchMedia(\"(min-width: 1200px)\").matches && lgSpacing ) {\n                $( '#' + spacingID ).css ( \"height\", lgSpacing );\n            } else if ( window.matchMedia(\"(max-width: 1199px) and (min-width: 992px )\").matches && mdSpacing ) {\n                $( '#' + spacingID ).css ( \"height\", mdSpacing );\n            } else if ( window.matchMedia(\"(max-width: 991px) and (min-width: 768px )\").matches && smSpacing ) {\n                $( '#' + spacingID ).css ( \"height\", smSpacing );\n            } else if ( window.matchMedia(\"(max-width: 767px)\").matches && xsSpacing ) {\n                $( '#' + spacingID ).css ( \"height\", xsSpacing );\n            } else {\n                $( '#' + spacingID ).css ( \"height\", \"\" );\n            }\n        }\n\n        $(document).ready(function() {\n            stmSpacing();\n        });\n\n        $(window).resize(function() {\n            stmSpacing();\n        });\n\n    })(jQuery);\n<\/script><div class=\"vc_custom_heading no_stripe remove_padding vc_custom_1711750569859 text_align_left\" ><h6 style=\"color: #222222;text-align: left\" class=\"consulting-custom-title\">Our Practice<\/h6><\/div>\n\t<div class=\"wpb_text_column wpb_content_element\" >\n\t\t<div class=\"wpb_wrapper\">\n\t\t\t<ul class=\"small_margin\" style=\"font-size: 13px; line-height: 18px;\">\n<li>Energy<\/li>\n<li>Regulated Markets<\/li>\n<li>Mining<\/li>\n<li>Corporate<\/li>\n<\/ul>\n\n\t\t<\/div>\n\t<\/div>\n<\/div><\/div><\/div><div class=\"wpb_column vc_column_container vc_col-sm-4\"><div class=\"vc_column-inner\"><div class=\"wpb_wrapper\"><div class=\"stm-spacing\" id=\"stm-spacing-69fdeee813f7f\"><\/div>\n<script>\n    (function($){\n        \"use strict\";\n        var spacingID = 'stm-spacing-69fdeee813f7f',\n            lgSpacing = '0',\n            mdSpacing = '0',\n            smSpacing = '30',\n            xsSpacing = '30';\n\n        function stmSpacing() {\n            if ( window.matchMedia(\"(min-width: 1200px)\").matches && lgSpacing ) {\n                $( '#' + spacingID ).css ( \"height\", lgSpacing );\n            } else if ( window.matchMedia(\"(max-width: 1199px) and (min-width: 992px )\").matches && mdSpacing ) {\n                $( '#' + spacingID ).css ( \"height\", mdSpacing );\n            } else if ( window.matchMedia(\"(max-width: 991px) and (min-width: 768px )\").matches && smSpacing ) {\n                $( '#' + spacingID ).css ( \"height\", smSpacing );\n            } else if ( window.matchMedia(\"(max-width: 767px)\").matches && xsSpacing ) {\n                $( '#' + spacingID ).css ( \"height\", xsSpacing );\n            } else {\n                $( '#' + spacingID ).css ( \"height\", \"\" );\n            }\n        }\n\n        $(document).ready(function() {\n            stmSpacing();\n        });\n\n        $(window).resize(function() {\n            stmSpacing();\n        });\n\n    })(jQuery);\n<\/script><div class=\"vc_custom_heading no_stripe remove_padding vc_custom_1711750661825 text_align_left\" ><h6 style=\"color: #222222;text-align: left\" class=\"consulting-custom-title\">Education<\/h6><\/div>\n\t<div class=\"wpb_text_column wpb_content_element\" >\n\t\t<div class=\"wpb_wrapper\">\n\t\t\t<ul class=\"small_margin\" style=\"font-size: 13px; line-height: 18px;\">\n<li>PhD in Law, Pontificia Universidad Cat\u00f3lica de Chile (2014)<\/li>\n<li>Master of Laws, Pontificia Universidad Cat\u00f3lica de Chile (2009)<\/li>\n<li>Advanced Studies Postgraduate Diploma, Complutense University of Madrid, Spain (2004)<\/li>\n<li>Master in Corporate Legal Counseling, IE Law School, Spain (2002)<\/li>\n<\/ul>\n\n\t\t<\/div>\n\t<\/div>\n<div class=\"vc_custom_heading no_stripe remove_padding vc_custom_1711925840983 text_align_left\" ><h6 style=\"color: #222222;text-align: left\" class=\"consulting-custom-title\">Languages<\/h6><\/div>\n\t<div class=\"wpb_text_column wpb_content_element\" >\n\t\t<div class=\"wpb_wrapper\">\n\t\t\t<ul class=\"small_margin\" style=\"font-size: 13px; line-height: 18px;\">\n<li>Spanish<\/li>\n<li>English<\/li>\n<\/ul>\n\n\t\t<\/div>\n\t<\/div>\n<\/div><\/div><\/div><\/div><\/div><\/div><\/div><\/div><div class=\"vc_row wpb_row vc_row-fluid\"><div class=\"wpb_column vc_column_container vc_col-sm-8\"><div class=\"vc_column-inner\"><div class=\"wpb_wrapper\"><div class=\"stm-spacing\" id=\"stm-spacing-69fdeee81441d\"><\/div>\n<script>\n    (function($){\n        \"use strict\";\n        var spacingID = 'stm-spacing-69fdeee81441d',\n            lgSpacing = '40',\n            mdSpacing = '30',\n            smSpacing = '10',\n            xsSpacing = '10';\n\n        function stmSpacing() {\n            if ( window.matchMedia(\"(min-width: 1200px)\").matches && lgSpacing ) {\n                $( '#' + spacingID ).css ( \"height\", lgSpacing );\n            } else if ( window.matchMedia(\"(max-width: 1199px) and (min-width: 992px )\").matches && mdSpacing ) {\n                $( '#' + spacingID ).css ( \"height\", mdSpacing );\n            } else if ( window.matchMedia(\"(max-width: 991px) and (min-width: 768px )\").matches && smSpacing ) {\n                $( '#' + spacingID ).css ( \"height\", smSpacing );\n            } else if ( window.matchMedia(\"(max-width: 767px)\").matches && xsSpacing ) {\n                $( '#' + spacingID ).css ( \"height\", xsSpacing );\n            } else {\n                $( '#' + spacingID ).css ( \"height\", \"\" );\n            }\n        }\n\n        $(document).ready(function() {\n            stmSpacing();\n        });\n\n        $(window).resize(function() {\n            stmSpacing();\n        });\n\n    })(jQuery);\n<\/script>\n\t<div class=\"wpb_text_column wpb_content_element\" >\n\t\t<div class=\"wpb_wrapper\">\n\t\t\t<p>Marcelo is in charge of the Energy and Regulated Markets area. He has focused his professional practice on various aspects of economic regulation, particularly in the field of energy law, occupying various positions in both the private and public sectors. In such positions, he has advised important national and foreign companies in multiple regulatory and contractual aspects related to the development, operation and closing of projects in the energy (electricity, oil and geothermal energy) and mining industries, as well as other sectors.<\/p>\n\n\t\t<\/div>\n\t<\/div>\n\n\t<div class=\"wpb_text_column wpb_content_element\" >\n\t\t<div class=\"wpb_wrapper\">\n\t\t\t<blockquote>\n<p>In the public sector, Marcelo has worked as an attorney for the Ministries of Mining and Energy, and as the head attorney (Chief Legal Officer) of the latter. In the private sector, he has worked as a senior and area director in the firms N\u00fa\u00f1ez, Mu\u00f1oz y Cia; Aylwin, Mendoza, Luksic y Valencia Abogados; Correa-Gubbins, and Jara del Favero Abogados.<\/p>\n<\/blockquote>\n\n\t\t<\/div>\n\t<\/div>\n<\/div><\/div><\/div><div class=\"wpb_column vc_column_container vc_col-sm-4\"><div class=\"vc_column-inner\"><div class=\"wpb_wrapper\">\n<div class=\"stm_contacts_widget vc_custom_1711914736576  style_1\">\n    \n            <h4 class=\"no_stripe\">Contact:<\/h4>\n    \n    \n        <ul>\n                            <li>\n                    <div class=\"icon\"><i class=\"fa fa-map-marker\"><\/i><\/div>\n                    <div class=\"text\">Av. Las Condes 11.700, Torre A, Oficina 901. Vitacura, Santiago, Chile<\/div>\n                <\/li>\n                                                                <li>\n                    <div class=\"icon\"><i class=\"fa fa-envelope\"><\/i><\/div>\n                    <div class=\"text\"><a href=\"mailto:&#109;m&#97;&#114;do&#110;e&#115;&#64;im&#97;d.c&#108;\">mm&#97;&#114;&#100;o&#110;es&#64;i&#109;&#97;&#100;&#46;c&#108;<\/a><\/div>\n                <\/li>\n                                <\/ul>\n                    <ul class=\"socials\">\n                                                                    <li><a href=\"https:\/\/www.linkedin.com\/in\/marcelo-mardones-osorio-77431612\" target=\"_blank\" class=\"social-linkedin\"><i class=\"fa fa-linkedin\"><\/i><\/a><\/li>\n                                                            <\/ul>\n        \n    \n<\/div><\/div><\/div><\/div><\/div><div class=\"vc_row wpb_row vc_row-fluid vc_custom_1711919476603\"><div class=\"wpb_column vc_column_container vc_col-sm-12\"><div class=\"vc_column-inner\"><div class=\"wpb_wrapper\"><div class=\"vc_tta-container\" data-vc-action=\"collapse\"><div class=\"vc_general vc_tta vc_tta-tabs vc_tta-color-grey vc_tta-style-classic vc_tta-shape-square vc_tta-o-shape-group  theme_style vc_tta-tabs-position-top vc_tta-controls-align-left\"><div class=\"vc_tta-tabs-container\"><ul class=\"vc_tta-tabs-list\"><li class=\"vc_tta-tab vc_active\" data-vc-tab><a href=\"#1453266957006-3f3e3dff-6ef8\" data-vc-tabs data-vc-container=\".vc_tta\"><span class=\"vc_tta-title-text\">Representative Experience<\/span><\/a><\/li><li class=\"vc_tta-tab\" data-vc-tab><a href=\"#1453268943534-fe1934ed-d1be\" data-vc-tabs data-vc-container=\".vc_tta\"><span class=\"vc_tta-title-text\">Activities and Memberships<\/span><\/a><\/li><li class=\"vc_tta-tab\" data-vc-tab><a href=\"#1711919094954-e20dada8-6d89\" data-vc-tabs data-vc-container=\".vc_tta\"><span class=\"vc_tta-title-text\">Publications<\/span><\/a><\/li><\/ul><\/div><div class=\"vc_tta-panels-container\"><div class=\"vc_tta-panels\"><div class=\"vc_tta-panel vc_active\" id=\"1453266957006-3f3e3dff-6ef8\" data-vc-content=\".vc_tta-panel-body\"><div class=\"vc_tta-panel-heading\"><h4 class=\"vc_tta-panel-title\"><a href=\"#1453266957006-3f3e3dff-6ef8\" data-vc-accordion data-vc-container=\".vc_tta-container\"><span class=\"vc_tta-title-text\">Representative Experience<\/span><\/a><\/h4><\/div><div class=\"vc_tta-panel-body\">\n\t<div class=\"wpb_text_column wpb_content_element\" >\n\t\t<div class=\"wpb_wrapper\">\n\t\t\t<ul>\n<li>Representing power generation companies in discrepancy procedures before the Panel of Experts under the General Law on Electrical Services.<\/li>\n<li>Counsel for a Spanish company in bidding processes for the expansion of transmission lines.<\/li>\n<li>Counsel for the operator of the Norte Grande Power System in the preparation of a study on the institutional framework for power system operators, and subsequently in the drafting of the Internal Regulation of the National Electric Coordinator.<\/li>\n<li>Counsel for a power generation company, in the negotiation and execution of connection agreements, in the application process, management and extension of public concessions, and in the negotiation and drafting of several contracts of easement agreements, as well as in the preparation of various reports on energy regulation issues.<\/li>\n<li>Counsel for power generation companies in M&amp;A transactions, in the drafting and revisions of the various documents related to those sale processes (shareholders\u2019 agreements, amendments of bylaws, notifications to the CNE, etc.).<\/li>\n<li>Counsel for power companies in the constitution of mining property for land protection purposes in relation to the development of NCRE projects.<\/li>\n<li>Counsel for power generation company in the financing process for a wind power project.<\/li>\n<li>Counsel for an oil company in applications for various oil operations contracts, relations with the authority in connection with such contracts, and the negotiation and creation of oil easements.<\/li>\n<li>Counsel for a geothermal generation company in the processing of applications for geothermal concessions, and negotiation of various exploration contracts.<\/li>\n<li>Representation of a distribution company in the review of bids during a bidding process launched for power purchase agreements, process 2015\/01.<\/li>\n<li>Counsel for a construction company in relation to construction services for electrical projects, in disputes with its principal during the execution of expansion works.<\/li>\n<li>Counsel for a company in the field of LNG, in relation to antitrust matters.<\/li>\n<li>Advising energy companies in due diligence processes and land title studies for several SMGD and SMG projects.<\/li>\n<li>Advising power companies in various requests for declarations of force majeure before the Ministry of Energy regarding expansion works.<\/li>\n<\/ul>\n\n\t\t<\/div>\n\t<\/div>\n<\/div><\/div><div class=\"vc_tta-panel\" id=\"1453268943534-fe1934ed-d1be\" data-vc-content=\".vc_tta-panel-body\"><div class=\"vc_tta-panel-heading\"><h4 class=\"vc_tta-panel-title\"><a href=\"#1453268943534-fe1934ed-d1be\" data-vc-accordion data-vc-container=\".vc_tta-container\"><span class=\"vc_tta-title-text\">Activities and Memberships<\/span><\/a><\/h4><\/div><div class=\"vc_tta-panel-body\">\n\t<div class=\"wpb_text_column wpb_content_element\" >\n\t\t<div class=\"wpb_wrapper\">\n\t\t\t<ul>\n<li>Professor of Economic Law I and II, Law School, Universidad de Los Andes.<\/li>\n<li>Professor of the Mergers course, Mergers and Acquisitions Diploma, Universidad de Los Andes Law School.<\/li>\n<li>Professor of courses on energy institutions, regulation of geothermal energy, CEOPs and nuclear energy, Master in Energy Engineering, Pontificia Universidad Cat\u00f3lica de Chile.<\/li>\n<li>Professor of courses on energy institutions, NCRE framework, small means of generation, geothermal regulation, CEOPs and gas, Diploma in Economic Administrative Law, Pontificia Universidad Cat\u00f3lica de Chile.<\/li>\n<li>Professor of the course on punitive procedures in the Securities Market, Diploma in Administrative Punitive Law, Pontificia Universidad Cat\u00f3lica de Chile.<\/li>\n<li>Member of the Chilean Bar Association.<\/li>\n<\/ul>\n\n\t\t<\/div>\n\t<\/div>\n<\/div><\/div><div class=\"vc_tta-panel\" id=\"1711919094954-e20dada8-6d89\" data-vc-content=\".vc_tta-panel-body\"><div class=\"vc_tta-panel-heading\"><h4 class=\"vc_tta-panel-title\"><a href=\"#1711919094954-e20dada8-6d89\" data-vc-accordion data-vc-container=\".vc_tta-container\"><span class=\"vc_tta-title-text\">Publications<\/span><\/a><\/h4><\/div><div class=\"vc_tta-panel-body\">\n\t<div class=\"wpb_text_column wpb_content_element\" >\n\t\t<div class=\"wpb_wrapper\">\n\t\t\t<ul>\n<li>(2022):\u00a0<em>Lecciones de Derecho Econ\u00f3mico. Regulaci\u00f3n de los Mercados<\/em>. Vol.II (Tirant lo Blanch, Espa\u00f1a).<\/li>\n<li>(2021): \u00abUna lectura \u201ctransparente\u201d del r\u00e9gimen de transparencia del Coordinador El\u00e9ctrico Nacional\u201d\u00bb, en:\u00a0<em>Estado Diario<\/em>, Agosto 2021.<\/li>\n<li>(2020):\u00a0<em>Lecciones de Derecho Econ\u00f3mico. Regulaci\u00f3n de los Mercados<\/em>. Vol.I (Tirant lo Blanch, Espa\u00f1a).<\/li>\n<li><a href=\"http:\/\/redae.uc.cl\/index.php\/REDAE\/article\/view\/16215\" target=\"_blank\" rel=\"noopener\">(2019): \u00abNaturaleza jur\u00eddica de la planificaci\u00f3n de la transmisi\u00f3n\u00bb, en:\u00a0<em>Revista de Derecho Administrativo Econ\u00f3mico<\/em>, Universidad Cat\u00f3lica de Chile, N\u00ba31, pp.205-229.<\/a><\/li>\n<li><a href=\"http:\/\/redae.uc.cl\/index.php\/REDAE\/article\/view\/2254\" target=\"_blank\" rel=\"noopener\">(2019): \u00abLos peque\u00f1os medios de generaci\u00f3n distribuida ante el derecho de energ\u00eda. R\u00e9gimen vigente, interpretaciones y prospectiva\u00bb, en:\u00a0<em>Revista de Derecho Administrativo Econ\u00f3mico<\/em>, Universidad Cat\u00f3lica de Chile, N\u00b029, pp.53-83.<\/a><\/li>\n<li>(2019): \u00abNuevo r\u00e9gimen de acceso abierto a instalaciones de sistemas dedicados\u00bb, en:\u00a0<em>R\u00e9gimen jur\u00eddico de la Energ\u00eda El\u00e9ctrica. Estudios y Comentarios<\/em>, Cuadernos de Extensi\u00f3n Jur\u00eddica N\u00b032, Universidad de los Andes; pp.71-90.<\/li>\n<li>(2018):\u00a0<em>Modificaciones estructurales de sociedades. Fusiones, divisiones y transformaciones<\/em>\u00a0(Thomson Reuters, Chile).<\/li>\n<li>(2018): \u00abNuevo r\u00e9gimen de acceso abierto y proyectos mineros\u00bb, en:\u00a0<em>Actas de las VII, XIII y XV jornadas de derecho de miner\u00eda<\/em>\u00a0(Thomson Reuters, Chile) pp.747-763.<\/li>\n<li><a href=\"https:\/\/estadodiario.com\/columnas\/ley-de-sociedades-anonimas-como-regimen-supletorio-aplicable-a-las-sociedades-mineras\/\" target=\"_blank\" rel=\"noopener\">(2018): \u00abLey de Sociedades An\u00f3nimas como r\u00e9gimen supletorio aplicable a las sociedades mineras\u00bb, en:\u00a0<em>Estado Diario<\/em>, Julio 2018.<\/a><\/li>\n<li><a href=\"https:\/\/estadodiario.com\/columnas\/es-la-fusion-impropia-una-verdadera-fusion\/#:~:text=000%2F2016)%2C%20la%20Excelent%C3%ADsima,de%20liquidaci%C3%B3n%20por%20diferencias%20de\" target=\"_blank\" rel=\"noopener\">(2018): \u00ab\u00bfEs la fusi\u00f3n impropia una verdadera fusi\u00f3n?\u00bb, en:\u00a0<em>Estado Diario<\/em>, Julio 2018.<\/a><\/li>\n<li>(2018): \u00abModificaciones estructurales y falencias regulatorias\u00bb parte I, en:\u00a0<em>El Mercurio Legal<\/em>, enero.<\/li>\n<li>(2018): \u00abModificaciones estructurales y falencias regulatorias\u00bb parte II, en:\u00a0<em>El Mercurio Legal<\/em>, enero.<\/li>\n<li>(2017):\u00a0<em>Contratos Especiales de Operaci\u00f3n Petrolera. T\u00edtulo habilitante para el aprovechamiento de sustancias no concesibles<\/em>\u00a0(Editorial Jur\u00eddica de Chile).<\/li>\n<li><a href=\"http:\/\/rjd.uandes.cl\/index.php\/rjduandes\/article\/view\/5\/0\" target=\"_blank\" rel=\"noopener\">(2017): \u00abNaturaleza jur\u00eddica del Coordinador Independiente del Sistema El\u00e9ctrico Nacional\u00bb, en:\u00a0<em>Revista Digital Universidad de Los Andes<\/em>, Vol.1.<\/a><\/li>\n<li>(2016): \u00abDe nuevo sobre la fusi\u00f3n entre partes relacionadas\u00bb, en:\u00a0<em>El Mercurio Legal<\/em>, 11 de mayo.<\/li>\n<li><a href=\"https:\/\/scielo.conicyt.cl\/scielo.php?script=sci_arttext&amp;pid=S0718-34372016000200009\" target=\"_blank\" rel=\"noopener\">(2016): \u00abCaducidad y Resoluci\u00f3n de Calificaci\u00f3n Ambiental\u00bb, en:\u00a0<em>Revista Chilena de Derecho<\/em>, Vol.43; N\u00ba2; pp.573-600.<\/a><\/li>\n<li><a href=\"https:\/\/docplayer.es\/61273391-Revista-argentina-de-derecho-de-la-energia-hidrocarburos-y-mineria-no-9-mayo-julio-de-2016-pp-i-vi.html\" target=\"_blank\" rel=\"noopener\">(2016): \u00abNaturaleza jur\u00eddica del Contrato Especial de Operaci\u00f3n Petrolera\u00bb, en:\u00a0<em>Revista Argentina de Derecho de la Energ\u00eda, Hidrocarburos y Miner\u00eda<\/em>, n\u00ba 9, mayo-julio; pp.37-70.<\/a><\/li>\n<li>(2015):\u00a0<em>Fusi\u00f3n Internacional de Sociedades An\u00f3nimas en el Ordenamiento Jur\u00eddico Chileno<\/em>\u00a0(Editorial Jur\u00eddica de Chile).<\/li>\n<li>(2015): \u00abInformaci\u00f3n de Recursos y Reservas Mineras y Mercados de Valores Mineros\u00bb, en:\u00a0<em>Revista Argentina de Derecho de la Energ\u00eda, Hidrocarburos y Miner\u00eda<\/em>, n\u00ba 4, febrero-abril; pp.51-74.<\/li>\n<li><a href=\"https:\/\/scielo.conicyt.cl\/pdf\/iusetp\/v20n2\/art09.pdf\" target=\"_blank\" rel=\"noopener\">(2014): \u00abDivisi\u00f3n de sociedades y sucesi\u00f3n universal\u00bb, en:\u00a0<em>Ius et Praxis, Revista de Derecho de la Universidad de Talca<\/em>, A\u00f1o 20, N\u00ba2; pp.307-356.<\/a><\/li>\n<li>(2014): \u00abLos Centros de Despacho Econ\u00f3mico de Carga como entidades que ejercen potestades p\u00fablicas\u00bb, en:\u00a0<em>ReDAE, Revista de Derecho Administrativo Econ\u00f3mico<\/em>, N\u00b0 18; pp.153-182.<\/li>\n<li>(2014): \u00abReglamento de Seguridad Minera e Hidrocarburos\u00bb, en:\u00a0<em>Actas de Derecho de Energ\u00eda (AdEner),<\/em>N\u00ba 2, (Legal Publishing \u2013 Thomson Reuters); pp.257-274.<\/li>\n<li>(2013): Recensi\u00f3n a Vergara Blanco, Alejandro (2013): Sistema de Derecho Minero (Legal Publishing Thomson Reuters, Santiago) 363 pp., en:\u00a0<em>El Mercurio Legal<\/em>.<\/li>\n<li>(2013): \u00abLas concesiones de exploraci\u00f3n geot\u00e9rmica (un supuesto de discrecionalidad t\u00e9cnica)\u00bb, en:\u00a0<em>Actas de Derecho de Energ\u00eda (AdEner),<\/em>N\u00ba1 (Legal Publishing Thomson Reuters); pp.307-344.<\/li>\n<li>(2013): \u00abCeleridad versus eficacia: a prop\u00f3sito del nuevo Reglamento de la Ley N\u00ba19.657, sobre concesiones de energ\u00eda geot\u00e9rmica\u00bb, en:\u00a0<em>Revista de Derecho Administrativo<\/em>, N\u00ba8; pp.161-180.<\/li>\n<li>(2013): \u201cDesaf\u00edos del Derecho Minero\u201d, en:\u00a0<em>La Semana Jur\u00eddica<\/em>, A\u00f1o 1, N\u00ba42, semana del 8 al 12 de abril; p.4.<\/li>\n<li>(2011): Recensi\u00f3n a Vergara Blanco, Alejandro (2010): Instituciones de Derecho Minero (Abeledo Perrot Legal Publishing), en:\u00a0<em>Revista Chilena de Derecho<\/em>, Vol.38, N\u00ba3; pp.623-626.<\/li>\n<li>(2010): \u00abLa emisi\u00f3n de acciones rescatables por sociedades an\u00f3nimas\u00bb, en:\u00a0<em>Revista de Derecho de la Empresa<\/em>, Universidad Adolfo Ib\u00e1\u00f1ez, a\u00f1o 2010; pp.9-74, publicado tambi\u00e9n en\u00a0<em>Foro de Derecho Mercantil\u00a0<\/em>(Colombia), N\u00ba28 (julio-septiembre 2010); pp.135-199.<\/li>\n<li>(2009): \u00abSobre la autorizaci\u00f3n presidencial para la ejecuci\u00f3n de labores mineras en lugares de inter\u00e9s cient\u00edfico para efectos mineros\u00bb, en:\u00a0<em>Revista de Derecho Administrativo<\/em>, LegalPublishing, N\u00b03; pp.85-148.<\/li>\n<li><a href=\"http:\/\/www.rdpucv.cl\/index.php\/rderecho\/article\/view\/625\/589\">(2006): \u00abSobre la extensi\u00f3n del r\u00e9gimen de fusi\u00f3n de sociedades establecido por la Ley N\u00ba18.046\u00bb, en:\u00a0<em>Revista de Derecho de la Pontificia Universidad Cat\u00f3lica de Valpara\u00edso<\/em>, N\u00b0XXVII, 2\u00b0 semestre; pp.125-152.<\/a><\/li>\n<li>(2005): \u00abLa divisi\u00f3n de sociedades. Reivindicaci\u00f3n del car\u00e1cter mercantil de la instituci\u00f3n\u00bb, en:\u00a0<em>La Semana Jur\u00eddica<\/em>, N\u00b0216, semana del 27 de diciembre al 2 de enero; p.15.<\/li>\n<\/ul>\n\n\t\t<\/div>\n\t<\/div>\n<\/div><\/div><\/div><\/div><\/div><\/div><\/div><\/div><\/div><\/div>\n<\/div>","protected":false},"excerpt":{"rendered":"Marcelo MardonesSocio Areas de Pr\u00e1ctica Energ\u00eda Mercados regulados Miner\u00eda Corporativo Educaci\u00f3n Doctor en Derecho, Pontificia Universidad Cat\u00f3lica de Chile (2014) Mag\u00edster en Ciencias Jur\u00eddicas, Pontificia Universidad Cat\u00f3lica de Chile (2009) Diploma de Estudios Avanzados, Universidad Complutense de Madrid, Espa\u00f1a (2004) Master en Asesor\u00eda Jur\u00eddica de Empresas, IE Law School, Espa\u00f1a (2002) Idiomas Espa\u00f1ol Ingl\u00e9s Marcelo","protected":false},"author":1,"featured_media":0,"parent":0,"menu_order":0,"comment_status":"closed","ping_status":"closed","template":"","meta":{"footnotes":""},"class_list":["post-7116","page","type-page","status-publish","hentry"],"_links":{"self":[{"href":"https:\/\/imad.cl\/en\/wp-json\/wp\/v2\/pages\/7116","targetHints":{"allow":["GET"]}}],"collection":[{"href":"https:\/\/imad.cl\/en\/wp-json\/wp\/v2\/pages"}],"about":[{"href":"https:\/\/imad.cl\/en\/wp-json\/wp\/v2\/types\/page"}],"author":[{"embeddable":true,"href":"https:\/\/imad.cl\/en\/wp-json\/wp\/v2\/users\/1"}],"replies":[{"embeddable":true,"href":"https:\/\/imad.cl\/en\/wp-json\/wp\/v2\/comments?post=7116"}],"version-history":[{"count":7,"href":"https:\/\/imad.cl\/en\/wp-json\/wp\/v2\/pages\/7116\/revisions"}],"predecessor-version":[{"id":7255,"href":"https:\/\/imad.cl\/en\/wp-json\/wp\/v2\/pages\/7116\/revisions\/7255"}],"wp:attachment":[{"href":"https:\/\/imad.cl\/en\/wp-json\/wp\/v2\/media?parent=7116"}],"curies":[{"name":"wp","href":"https:\/\/api.w.org\/{rel}","templated":true}]}}