{"id":7080,"date":"2024-03-29T22:48:11","date_gmt":"2024-03-29T22:48:11","guid":{"rendered":"https:\/\/imad.cl\/?page_id=7080"},"modified":"2024-04-03T14:01:58","modified_gmt":"2024-04-03T14:01:58","slug":"recursos-naturales","status":"publish","type":"page","link":"https:\/\/imad.cl\/en\/recursos-naturales\/","title":{"rendered":"Natural Resources"},"content":{"rendered":"<div class=\"wpb-content-wrapper\"><div data-vc-full-width=\"true\" data-vc-full-width-init=\"false\" class=\"vc_row wpb_row vc_row-fluid vc_custom_1711893779746 vc_row-has-fill\"><div class=\"wpb_column vc_column_container vc_col-sm-12\"><div class=\"vc_column-inner\"><div class=\"wpb_wrapper\"><div class=\"stm-spacing\" id=\"stm-spacing-69f634389b94c\"><\/div>\n<script>\n    (function($){\n        \"use strict\";\n        var spacingID = 'stm-spacing-69f634389b94c',\n            lgSpacing = '120',\n            mdSpacing = '70',\n            smSpacing = '50',\n            xsSpacing = '30';\n\n        function stmSpacing() {\n            if ( window.matchMedia(\"(min-width: 1200px)\").matches && lgSpacing ) {\n                $( '#' + spacingID ).css ( \"height\", lgSpacing );\n            } else if ( window.matchMedia(\"(max-width: 1199px) and (min-width: 992px )\").matches && mdSpacing ) {\n                $( '#' + spacingID ).css ( \"height\", mdSpacing );\n            } else if ( window.matchMedia(\"(max-width: 991px) and (min-width: 768px )\").matches && smSpacing ) {\n                $( '#' + spacingID ).css ( \"height\", smSpacing );\n            } else if ( window.matchMedia(\"(max-width: 767px)\").matches && xsSpacing ) {\n                $( '#' + spacingID ).css ( \"height\", xsSpacing );\n            } else {\n                $( '#' + spacingID ).css ( \"height\", \"\" );\n            }\n        }\n\n        $(document).ready(function() {\n            stmSpacing();\n        });\n\n        $(window).resize(function() {\n            stmSpacing();\n        });\n\n    })(jQuery);\n<\/script><div class=\"vc_custom_heading text_align_left stripe_top_bottom\" ><h2 style=\"color: #ffffff;text-align: left\" class=\"consulting-custom-title\">Natural Resources<\/h2><\/div><div class=\"stm-spacing\" id=\"stm-spacing-69f634389bcde\"><\/div>\n<script>\n    (function($){\n        \"use strict\";\n        var spacingID = 'stm-spacing-69f634389bcde',\n            lgSpacing = '120',\n            mdSpacing = '70',\n            smSpacing = '50',\n            xsSpacing = '30';\n\n        function stmSpacing() {\n            if ( window.matchMedia(\"(min-width: 1200px)\").matches && lgSpacing ) {\n                $( '#' + spacingID ).css ( \"height\", lgSpacing );\n            } else if ( window.matchMedia(\"(max-width: 1199px) and (min-width: 992px )\").matches && mdSpacing ) {\n                $( '#' + spacingID ).css ( \"height\", mdSpacing );\n            } else if ( window.matchMedia(\"(max-width: 991px) and (min-width: 768px )\").matches && smSpacing ) {\n                $( '#' + spacingID ).css ( \"height\", smSpacing );\n            } else if ( window.matchMedia(\"(max-width: 767px)\").matches && xsSpacing ) {\n                $( '#' + spacingID ).css ( \"height\", xsSpacing );\n            } else {\n                $( '#' + spacingID ).css ( \"height\", \"\" );\n            }\n        }\n\n        $(document).ready(function() {\n            stmSpacing();\n        });\n\n        $(window).resize(function() {\n            stmSpacing();\n        });\n\n    })(jQuery);\n<\/script><\/div><\/div><\/div><\/div><div class=\"vc_row-full-width vc_clearfix\"><\/div><div class=\"vc_row wpb_row vc_row-fluid\"><div class=\"wpb_column vc_column_container vc_col-sm-6\"><div class=\"vc_column-inner\"><div class=\"wpb_wrapper\">\n\t<div class=\"wpb_text_column wpb_content_element\" >\n\t\t<div class=\"wpb_wrapper\">\n\t\t\t<p class=\"font_8\"><span class=\"color_11\">Our firm has vast experience specializing in water, mining, and forestry related matters, having been involved in some of the most important projects developed in the country over the last 15 years, participating in them from early stages, proposing and analyzing the best alternatives and strategies to enable and facilitate their execution.<\/span><\/p>\n<p class=\"font_8\"><span class=\"color_11\"><span class=\"wixGuard\">\u200b<\/span><\/span><span class=\"color_11\">Our broad experience, in addition to our academic and research expertise in this field, allow us to provide specialized counsel in waters, mining, and forestry issues, for the development and operation of mining, aquaculture, power, agricultural and all types of projects, in all kinds of procedures before the DGA, SEC, DOH, CONAF, SAG and SERNAGEOMIN, as well as in the resolution of administrative and judicial disputes in connection with these matters.\u00a0<\/span><\/p>\n<p class=\"font_8\"><span class=\"color_11\">In the field of water law, we are regularly retained for the preparation of specialized legal opinions and reports.<\/span><\/p>\n\n\t\t<\/div>\n\t<\/div>\n<\/div><\/div><\/div><div class=\"wpb_column vc_column_container vc_col-sm-6\"><div class=\"vc_column-inner\"><div class=\"wpb_wrapper\">\n\t<div class=\"wpb_text_column wpb_content_element\" >\n\t\t<div class=\"wpb_wrapper\">\n\t\t\t<p class=\"font_8\"><span class=\"color_11\">Additionally, we provide legal advisory services in connection with the exploration and exploitation of groundwater and surface waters, extraction point transfers, and changes of catchment points, materialization and regularization of rights, along with the procurement of permits for hydraulic works and the negotiation and creation of easements. Moreover, we also assume the administrative and judicial defense of our clients in inspection and sanctioning proceedings, as well as in procedures relating to the collection of duties arising from the failure to use water enjoyment rights.<\/span><\/p>\n<p class=\"font_8\"><span class=\"color_11\">In mining law, our services include the constitution and defense of exploration and exploitation concessions, along with the negotiation and establishment \u2013 both voluntary or mandatory \u2013 of mining easements. Furthermore, we also provide advice for the approval of sector-specific permits (exploitation methods, site closure plans, among others) and during the negotiation and execution of specialized agreements (options, exploration agreements and joint-ventures, earn in\/out, EPC, BOT, etc.).<\/span><\/p>\n\n\t\t<\/div>\n\t<\/div>\n<\/div><\/div><\/div><\/div><div class=\"vc_row wpb_row vc_row-fluid vc_custom_1711893137293\"><div class=\"wpb_column vc_column_container vc_col-sm-12\"><div class=\"vc_column-inner\"><div class=\"wpb_wrapper\"><div class=\"vc_custom_heading text_align_left title_no_stripe\" ><h2 style=\"color: #5d6178;text-align: left\" class=\"consulting-custom-title\">Partners in Charge<\/h2><\/div><div class=\"stm-spacing\" id=\"stm-spacing-69f634389c701\"><\/div>\n<script>\n    (function($){\n        \"use strict\";\n        var spacingID = 'stm-spacing-69f634389c701',\n            lgSpacing = '30',\n            mdSpacing = '20',\n            smSpacing = '10',\n            xsSpacing = '10';\n\n        function stmSpacing() {\n            if ( window.matchMedia(\"(min-width: 1200px)\").matches && lgSpacing ) {\n                $( '#' + spacingID ).css ( \"height\", lgSpacing );\n            } else if ( window.matchMedia(\"(max-width: 1199px) and (min-width: 992px )\").matches && mdSpacing ) {\n                $( '#' + spacingID ).css ( \"height\", mdSpacing );\n            } else if ( window.matchMedia(\"(max-width: 991px) and (min-width: 768px )\").matches && smSpacing ) {\n                $( '#' + spacingID ).css ( \"height\", smSpacing );\n            } else if ( window.matchMedia(\"(max-width: 767px)\").matches && xsSpacing ) {\n                $( '#' + spacingID ).css ( \"height\", xsSpacing );\n            } else {\n                $( '#' + spacingID ).css ( \"height\", \"\" );\n            }\n        }\n\n        $(document).ready(function() {\n            stmSpacing();\n        });\n\n        $(window).resize(function() {\n            stmSpacing();\n        });\n\n    })(jQuery);\n<\/script><div class=\"vc_row wpb_row vc_inner vc_row-fluid\"><div class=\"wpb_column vc_column_container vc_col-sm-4\"><div class=\"vc_column-inner\"><div class=\"wpb_wrapper\">\n\t<div  class=\"wpb_single_image wpb_content_element vc_align_left\">\n\t\t\n\t\t<figure class=\"wpb_wrapper vc_figure\">\n\t\t\t<div class=\"vc_single_image-wrapper   vc_box_border_grey\"><img loading=\"lazy\" decoding=\"async\" width=\"150\" height=\"150\" src=\"https:\/\/imad.cl\/wp-content\/uploads\/2024\/03\/donoso_circulo.png\" class=\"vc_single_image-img attachment-medium\" alt=\"\" title=\"donoso_circulo\" srcset=\"https:\/\/imad.cl\/wp-content\/uploads\/2024\/03\/donoso_circulo.png 150w, https:\/\/imad.cl\/wp-content\/uploads\/2024\/03\/donoso_circulo-50x50.png 50w\" sizes=\"auto, (max-width: 150px) 100vw, 150px\" \/><\/div>\n\t\t<\/figure>\n\t<\/div>\n<div class=\"infobox  vc_custom_1711929221633 style_7\">\n\t\t\t<h4 class=\"infobox_title\">Gustavo Donoso<\/h4>\n\t\t\t\t\t\t\t<a href=\"https:\/\/imad.cl\/en\/03-gustavo-donoso\/\" class=\"infobox_link\">\n\t\t\t<i class=\"stm-lnr-arrow-right third_bg_color\"><\/i>\n\t\t\tView Profile\t\t<\/a>\n\t<\/div>\n<\/div><\/div><\/div><div class=\"wpb_column vc_column_container vc_col-sm-4\"><div class=\"vc_column-inner\"><div class=\"wpb_wrapper\">\n\t<div  class=\"wpb_single_image wpb_content_element vc_align_left\">\n\t\t\n\t\t<figure class=\"wpb_wrapper vc_figure\">\n\t\t\t<div class=\"vc_single_image-wrapper   vc_box_border_grey\"><img loading=\"lazy\" decoding=\"async\" width=\"150\" height=\"150\" src=\"https:\/\/imad.cl\/wp-content\/uploads\/2024\/03\/mardones_circulo.png\" class=\"vc_single_image-img attachment-medium\" alt=\"\" title=\"mardones_circulo\" srcset=\"https:\/\/imad.cl\/wp-content\/uploads\/2024\/03\/mardones_circulo.png 150w, https:\/\/imad.cl\/wp-content\/uploads\/2024\/03\/mardones_circulo-50x50.png 50w\" sizes=\"auto, (max-width: 150px) 100vw, 150px\" \/><\/div>\n\t\t<\/figure>\n\t<\/div>\n<div class=\"infobox  vc_custom_1711929230747 style_7\">\n\t\t\t<h4 class=\"infobox_title\">Marcelo Mardones<\/h4>\n\t\t\t\t\t\t\t<a href=\"https:\/\/imad.cl\/en\/marcelo_mardones\/\" class=\"infobox_link\">\n\t\t\t<i class=\"stm-lnr-arrow-right third_bg_color\"><\/i>\n\t\t\tView Profile\t\t<\/a>\n\t<\/div>\n<\/div><\/div><\/div><div class=\"wpb_column vc_column_container vc_col-sm-4\"><div class=\"vc_column-inner\"><div class=\"wpb_wrapper\">\n\t<div  class=\"wpb_single_image wpb_content_element vc_align_left\">\n\t\t\n\t\t<figure class=\"wpb_wrapper vc_figure\">\n\t\t\t<div class=\"vc_single_image-wrapper   vc_box_border_grey\"><img loading=\"lazy\" decoding=\"async\" width=\"150\" height=\"150\" src=\"https:\/\/imad.cl\/wp-content\/uploads\/2024\/03\/irarrazabal-circulo.png\" class=\"vc_single_image-img attachment-medium\" alt=\"\" title=\"irarrazabal-circulo\" srcset=\"https:\/\/imad.cl\/wp-content\/uploads\/2024\/03\/irarrazabal-circulo.png 150w, https:\/\/imad.cl\/wp-content\/uploads\/2024\/03\/irarrazabal-circulo-50x50.png 50w\" sizes=\"auto, (max-width: 150px) 100vw, 150px\" \/><\/div>\n\t\t<\/figure>\n\t<\/div>\n<div class=\"infobox  vc_custom_1711929760357 style_7\">\n\t\t\t<h4 class=\"infobox_title\">Domingo Irarr\u00e1zaval<\/h4>\n\t\t\t\t\t\t\t<a href=\"https:\/\/imad.cl\/en\/domingo_irarrazaval\/\" class=\"infobox_link\">\n\t\t\t<i class=\"stm-lnr-arrow-right third_bg_color\"><\/i>\n\t\t\tView Profile\t\t<\/a>\n\t<\/div>\n<\/div><\/div><\/div><\/div><\/div><\/div><\/div><\/div>\n<\/div>","protected":false},"excerpt":{"rendered":"Recursos Naturales Contamos con gran experiencia especializada en asuntos de aguas, miner\u00eda y forestales para algunos de los proyectos m\u00e1s importantes que se han desarrollado en el pa\u00eds en los \u00faltimos 15 a\u00f1os, participando en ellos desde sus primeras etapas, proponiendo y analizando las mejores alternativas y estrategias para permitir y facilitar su ejecuci\u00f3n. \u200bNuestra","protected":false},"author":1,"featured_media":0,"parent":0,"menu_order":0,"comment_status":"closed","ping_status":"closed","template":"","meta":{"footnotes":""},"class_list":["post-7080","page","type-page","status-publish","hentry"],"_links":{"self":[{"href":"https:\/\/imad.cl\/en\/wp-json\/wp\/v2\/pages\/7080","targetHints":{"allow":["GET"]}}],"collection":[{"href":"https:\/\/imad.cl\/en\/wp-json\/wp\/v2\/pages"}],"about":[{"href":"https:\/\/imad.cl\/en\/wp-json\/wp\/v2\/types\/page"}],"author":[{"embeddable":true,"href":"https:\/\/imad.cl\/en\/wp-json\/wp\/v2\/users\/1"}],"replies":[{"embeddable":true,"href":"https:\/\/imad.cl\/en\/wp-json\/wp\/v2\/comments?post=7080"}],"version-history":[{"count":17,"href":"https:\/\/imad.cl\/en\/wp-json\/wp\/v2\/pages\/7080\/revisions"}],"predecessor-version":[{"id":7253,"href":"https:\/\/imad.cl\/en\/wp-json\/wp\/v2\/pages\/7080\/revisions\/7253"}],"wp:attachment":[{"href":"https:\/\/imad.cl\/en\/wp-json\/wp\/v2\/media?parent=7080"}],"curies":[{"name":"wp","href":"https:\/\/api.w.org\/{rel}","templated":true}]}}